{"id":2643,"date":"2024-05-31T12:14:42","date_gmt":"2024-05-31T16:14:42","guid":{"rendered":"https:\/\/tulibreando.com\/?post_type=product&#038;p=2643"},"modified":"2024-06-06T15:17:57","modified_gmt":"2024-06-06T19:17:57","slug":"narraciones-extraordinarias","status":"publish","type":"product","link":"https:\/\/tulibreando.com\/index.php\/product\/narraciones-extraordinarias\/","title":{"rendered":"Narraciones Extraordinarias"},"content":{"rendered":"<p>Edgar Allan Poe fue uno de los pioneros del relato corto, c\u00e9lebre por sus historias de terror y misterio, y por haber fundado el g\u00e9nero policial. El autor norteamericano supo insuflar vida a las regiones m\u00e1s oscuras del alma humana en cuentos como los que se presentan en esta edici\u00f3n. Este libro re\u00fane una selecci\u00f3n de sus mejores narraciones y varias de sus maravillosas composiciones po\u00e9ticas, entre las que se encuentra \u00abEl cuervo\u00bb. Los textos se acompa\u00f1an de inquietantes<\/p>\n","protected":false},"excerpt":{"rendered":"<p>Edgar Allan Poe fue uno de los pioneros del relato corto, c\u00e9lebre por sus historias de terror y misterio, y por haber fundado el g\u00e9nero policial. El autor norteamericano supo insuflar vida a las regiones m\u00e1s oscuras del alma humana en cuentos como los que se presentan en esta edici\u00f3n. Este libro re\u00fane una selecci\u00f3n [&hellip;]<\/p>\n","protected":false},"featured_media":2644,"comment_status":"open","ping_status":"closed","template":"","meta":{"_acf_changed":false,"product_autor":""},"product_cat":[45],"product_tag":[],"class_list":{"0":"post-2643","1":"product","2":"type-product","3":"status-publish","4":"has-post-thumbnail","6":"product_cat-literatura-y-novelas","8":"first","9":"instock","10":"virtual","11":"purchasable","12":"product-type-simple"},"acf":[],"_links":{"self":[{"href":"https:\/\/tulibreando.com\/index.php\/wp-json\/wp\/v2\/product\/2643"}],"collection":[{"href":"https:\/\/tulibreando.com\/index.php\/wp-json\/wp\/v2\/product"}],"about":[{"href":"https:\/\/tulibreando.com\/index.php\/wp-json\/wp\/v2\/types\/product"}],"replies":[{"embeddable":true,"href":"https:\/\/tulibreando.com\/index.php\/wp-json\/wp\/v2\/comments?post=2643"}],"wp:featuredmedia":[{"embeddable":true,"href":"https:\/\/tulibreando.com\/index.php\/wp-json\/wp\/v2\/media\/2644"}],"wp:attachment":[{"href":"https:\/\/tulibreando.com\/index.php\/wp-json\/wp\/v2\/media?parent=2643"}],"wp:term":[{"taxonomy":"product_cat","embeddable":true,"href":"https:\/\/tulibreando.com\/index.php\/wp-json\/wp\/v2\/product_cat?post=2643"},{"taxonomy":"product_tag","embeddable":true,"href":"https:\/\/tulibreando.com\/index.php\/wp-json\/wp\/v2\/product_tag?post=2643"}],"curies":[{"name":"wp","href":"https:\/\/api.w.org\/{rel}","templated":true}]}}