{"id":2638,"date":"2024-05-31T12:08:16","date_gmt":"2024-05-31T16:08:16","guid":{"rendered":"https:\/\/tulibreando.com\/?post_type=product&#038;p=2638"},"modified":"2024-06-06T15:17:57","modified_gmt":"2024-06-06T19:17:57","slug":"dejare-en-visto-tu-dejada-en-visto","status":"publish","type":"product","link":"https:\/\/tulibreando.com\/index.php\/product\/dejare-en-visto-tu-dejada-en-visto\/","title":{"rendered":"Dejare en visto tu dejada en visto"},"content":{"rendered":"<p>Mari\u00e1ngela Urbina Castilla va a casarse. Y como ella y nosotras sabemos que esa es una decisi\u00f3n que requiere valor y convencimiento, este libro es su manera de ayudarnos -a ella, a nosotras, a ellos- a descubrir qu\u00e9 podemos esperar del amor antes, durante y despu\u00e9s.<\/p>\n<p>Como en un viaje en ascenso, la autora nos lleva desde los rincones oscuros de la tusa hasta las elevadas alturas de los m\u00e1s diversos actos de amor, pasando por las preguntas que nos revelan lo que definitivamente no es amor, los parajes donde se pueden encontrar hombres ch\u00e9veres, la gu\u00eda que nos permite entender el tipo de relaci\u00f3n que queremos tener, y el goce extremo en la tierra de la solter\u00eda.<\/p>\n<p>Con ayuda de los mitos griegos, la sabidur\u00eda de Karol G, las cifras de ONU Mujeres, los libros de expertas psicoterapeutas, las investigaciones sobre temas de g\u00e9nero y los testimonios de muchas mujeres que se han acercado a ella, Mari\u00e1ngela nos habla de los tiempos en que vivimos, y nos impulsa a no perder la esperanza en el amor, cualquiera que sea su manera de manifestarse en nuestras vidas<\/p>\n","protected":false},"excerpt":{"rendered":"<p>Mari\u00e1ngela Urbina Castilla va a casarse. Y como ella y nosotras sabemos que esa es una decisi\u00f3n que requiere valor y convencimiento, este libro es su manera de ayudarnos -a ella, a nosotras, a ellos- a descubrir qu\u00e9 podemos esperar del amor antes, durante y despu\u00e9s. Como en un viaje en ascenso, la autora nos [&hellip;]<\/p>\n","protected":false},"featured_media":2642,"comment_status":"open","ping_status":"closed","template":"","meta":{"_acf_changed":false,"product_autor":""},"product_cat":[39],"product_tag":[],"class_list":{"0":"post-2638","1":"product","2":"type-product","3":"status-publish","4":"has-post-thumbnail","6":"product_cat-crecimiento-personal","8":"first","9":"instock","10":"virtual","11":"purchasable","12":"product-type-simple"},"acf":[],"_links":{"self":[{"href":"https:\/\/tulibreando.com\/index.php\/wp-json\/wp\/v2\/product\/2638"}],"collection":[{"href":"https:\/\/tulibreando.com\/index.php\/wp-json\/wp\/v2\/product"}],"about":[{"href":"https:\/\/tulibreando.com\/index.php\/wp-json\/wp\/v2\/types\/product"}],"replies":[{"embeddable":true,"href":"https:\/\/tulibreando.com\/index.php\/wp-json\/wp\/v2\/comments?post=2638"}],"wp:featuredmedia":[{"embeddable":true,"href":"https:\/\/tulibreando.com\/index.php\/wp-json\/wp\/v2\/media\/2642"}],"wp:attachment":[{"href":"https:\/\/tulibreando.com\/index.php\/wp-json\/wp\/v2\/media?parent=2638"}],"wp:term":[{"taxonomy":"product_cat","embeddable":true,"href":"https:\/\/tulibreando.com\/index.php\/wp-json\/wp\/v2\/product_cat?post=2638"},{"taxonomy":"product_tag","embeddable":true,"href":"https:\/\/tulibreando.com\/index.php\/wp-json\/wp\/v2\/product_tag?post=2638"}],"curies":[{"name":"wp","href":"https:\/\/api.w.org\/{rel}","templated":true}]}}