{"id":2629,"date":"2024-05-31T11:34:54","date_gmt":"2024-05-31T15:34:54","guid":{"rendered":"https:\/\/tulibreando.com\/?post_type=product&#038;p=2629"},"modified":"2024-06-06T15:17:57","modified_gmt":"2024-06-06T19:17:57","slug":"los-viajes-de-gulliver","status":"publish","type":"product","link":"https:\/\/tulibreando.com\/index.php\/product\/los-viajes-de-gulliver\/","title":{"rendered":"Los viajes de Gulliver"},"content":{"rendered":"<p><em>Los viajes de Gulliver<\/em> (1726), aparecido como obra an\u00f3nima siete a\u00f1os despu\u00e9s del <em>Robinson Crusoe<\/em> de Defoe, cuenta los fant\u00e1sticos viajes del cirujano y capit\u00e1n de barco Lemuel Gulliver tras su naufragio en una isla perdida. Pronto Gulliver descubrir\u00e1 que la isla est\u00e1 habitada por una incre\u00edble sociedad de seres humanos de tan solo seis pulgadas de estatura, los liliputienses, engreidos y vanidosos ciudadanos de Liliput. En un segundo viaje Gulliver descubre Brodbingnag, una tierra poblada por hombres gigantes, de gran capacidad pr\u00e1ctica, pero incapaces de pensamientos abstractos. En su tercer viaje va a parar a la isla volante de Laputa, cuyos habitantes son cient\u00edficos e intelectuales, ciertamente pedantes, obsesionados con su particular campo de investigaci\u00f3n pero totalmente ignorantes del resto de la realidad<\/p>\n","protected":false},"excerpt":{"rendered":"<p>Los viajes de Gulliver (1726), aparecido como obra an\u00f3nima siete a\u00f1os despu\u00e9s del Robinson Crusoe de Defoe, cuenta los fant\u00e1sticos viajes del cirujano y capit\u00e1n de barco Lemuel Gulliver tras su naufragio en una isla perdida. Pronto Gulliver descubrir\u00e1 que la isla est\u00e1 habitada por una incre\u00edble sociedad de seres humanos de tan solo seis [&hellip;]<\/p>\n","protected":false},"featured_media":2630,"comment_status":"open","ping_status":"closed","template":"","meta":{"_acf_changed":false,"product_autor":""},"product_cat":[45],"product_tag":[],"class_list":{"0":"post-2629","1":"product","2":"type-product","3":"status-publish","4":"has-post-thumbnail","6":"product_cat-literatura-y-novelas","8":"first","9":"instock","10":"virtual","11":"purchasable","12":"product-type-simple"},"acf":[],"_links":{"self":[{"href":"https:\/\/tulibreando.com\/index.php\/wp-json\/wp\/v2\/product\/2629"}],"collection":[{"href":"https:\/\/tulibreando.com\/index.php\/wp-json\/wp\/v2\/product"}],"about":[{"href":"https:\/\/tulibreando.com\/index.php\/wp-json\/wp\/v2\/types\/product"}],"replies":[{"embeddable":true,"href":"https:\/\/tulibreando.com\/index.php\/wp-json\/wp\/v2\/comments?post=2629"}],"wp:featuredmedia":[{"embeddable":true,"href":"https:\/\/tulibreando.com\/index.php\/wp-json\/wp\/v2\/media\/2630"}],"wp:attachment":[{"href":"https:\/\/tulibreando.com\/index.php\/wp-json\/wp\/v2\/media?parent=2629"}],"wp:term":[{"taxonomy":"product_cat","embeddable":true,"href":"https:\/\/tulibreando.com\/index.php\/wp-json\/wp\/v2\/product_cat?post=2629"},{"taxonomy":"product_tag","embeddable":true,"href":"https:\/\/tulibreando.com\/index.php\/wp-json\/wp\/v2\/product_tag?post=2629"}],"curies":[{"name":"wp","href":"https:\/\/api.w.org\/{rel}","templated":true}]}}