{"id":2617,"date":"2024-05-29T13:55:25","date_gmt":"2024-05-29T17:55:25","guid":{"rendered":"https:\/\/tulibreando.com\/?post_type=product&#038;p=2617"},"modified":"2024-06-06T15:17:56","modified_gmt":"2024-06-06T19:17:56","slug":"chica-conoce-chica","status":"publish","type":"product","link":"https:\/\/tulibreando.com\/index.php\/product\/chica-conoce-chica\/","title":{"rendered":"Chica conoce chica"},"content":{"rendered":"<p>Alex es atrevida, ca\u00f3tica y seductora. Sabe c\u00f3mo hacerse con cualquier chica&#8230; pero su vida est\u00e1 patas arriba y su novia la acaba de dejar.<\/p>\n<p>Molly lo tiene todo bajo control, pero acaba de mudarse a la universidad y tiene que abrirse al mundo&#8230; Su \u00fanica amiga, hasta el momento, ha sido su madre.<\/p>\n<p>Cuando Alex descubre quien es el crush secreto de Molly la noche antes de que empiecen las clases, deciden formar equipo: Alex ayudar\u00e1 a Molly a enamorar a la chica de sus sue\u00f1os, y Molly ayudar\u00e1 a Alex a recuperar a su ex.<\/p>\n<p>Alex y Molly no se parecen en nada, pero los opuestos se atraen&#8230; \u00bfque podr\u00eda salir mal?<\/p>\n","protected":false},"excerpt":{"rendered":"<p>Alex es atrevida, ca\u00f3tica y seductora. Sabe c\u00f3mo hacerse con cualquier chica&#8230; pero su vida est\u00e1 patas arriba y su novia la acaba de dejar. Molly lo tiene todo bajo control, pero acaba de mudarse a la universidad y tiene que abrirse al mundo&#8230; Su \u00fanica amiga, hasta el momento, ha sido su madre. Cuando [&hellip;]<\/p>\n","protected":false},"featured_media":2618,"comment_status":"open","ping_status":"closed","template":"","meta":{"_acf_changed":false,"product_autor":""},"product_cat":[45],"product_tag":[],"class_list":{"0":"post-2617","1":"product","2":"type-product","3":"status-publish","4":"has-post-thumbnail","6":"product_cat-literatura-y-novelas","8":"first","9":"instock","10":"virtual","11":"purchasable","12":"product-type-simple"},"acf":[],"_links":{"self":[{"href":"https:\/\/tulibreando.com\/index.php\/wp-json\/wp\/v2\/product\/2617"}],"collection":[{"href":"https:\/\/tulibreando.com\/index.php\/wp-json\/wp\/v2\/product"}],"about":[{"href":"https:\/\/tulibreando.com\/index.php\/wp-json\/wp\/v2\/types\/product"}],"replies":[{"embeddable":true,"href":"https:\/\/tulibreando.com\/index.php\/wp-json\/wp\/v2\/comments?post=2617"}],"wp:featuredmedia":[{"embeddable":true,"href":"https:\/\/tulibreando.com\/index.php\/wp-json\/wp\/v2\/media\/2618"}],"wp:attachment":[{"href":"https:\/\/tulibreando.com\/index.php\/wp-json\/wp\/v2\/media?parent=2617"}],"wp:term":[{"taxonomy":"product_cat","embeddable":true,"href":"https:\/\/tulibreando.com\/index.php\/wp-json\/wp\/v2\/product_cat?post=2617"},{"taxonomy":"product_tag","embeddable":true,"href":"https:\/\/tulibreando.com\/index.php\/wp-json\/wp\/v2\/product_tag?post=2617"}],"curies":[{"name":"wp","href":"https:\/\/api.w.org\/{rel}","templated":true}]}}