{"id":2613,"date":"2024-05-29T13:46:43","date_gmt":"2024-05-29T17:46:43","guid":{"rendered":"https:\/\/tulibreando.com\/?post_type=product&#038;p=2613"},"modified":"2024-06-06T15:17:56","modified_gmt":"2024-06-06T19:17:56","slug":"cuento-de-hadas","status":"publish","type":"product","link":"https:\/\/tulibreando.com\/index.php\/product\/cuento-de-hadas\/","title":{"rendered":"Cuento de hadas"},"content":{"rendered":"<p>Charlie Reade parece un estudiante de instituto normal y corriente, pero carga con un gran peso sobre los hombros. Cuando el solo ten\u00eda diez a\u00f1os, su madre fue v\u00edctima de un atropello y la pena empuj\u00f3 a su padre a la bebida. Aunque era demasiado joven, Charlie tuvo que aprender a cuidarse solo&#8230; y tambien a ocuparse de su padre.<\/p>\n<p>Ahora, con diecisiete a\u00f1os, Charlie encuentra dos amigos inesperados: una perra llamada Radar y Howard Bowditch, su anciano due\u00f1o. El se\u00f1or Bowditch es un ermita\u00f1o que vive en una colina enorme, en una casa enorme que tiene un cobertizo cerrado a cal y canto en el patio trasero. A veces, sonidos extra\u00f1os emergen de el.<\/p>\n","protected":false},"excerpt":{"rendered":"<p>Charlie Reade parece un estudiante de instituto normal y corriente, pero carga con un gran peso sobre los hombros. Cuando el solo ten\u00eda diez a\u00f1os, su madre fue v\u00edctima de un atropello y la pena empuj\u00f3 a su padre a la bebida. Aunque era demasiado joven, Charlie tuvo que aprender a cuidarse solo&#8230; y tambien [&hellip;]<\/p>\n","protected":false},"featured_media":2614,"comment_status":"open","ping_status":"closed","template":"","meta":{"_acf_changed":false,"product_autor":""},"product_cat":[45],"product_tag":[],"class_list":{"0":"post-2613","1":"product","2":"type-product","3":"status-publish","4":"has-post-thumbnail","6":"product_cat-literatura-y-novelas","8":"first","9":"instock","10":"virtual","11":"purchasable","12":"product-type-simple"},"acf":[],"_links":{"self":[{"href":"https:\/\/tulibreando.com\/index.php\/wp-json\/wp\/v2\/product\/2613"}],"collection":[{"href":"https:\/\/tulibreando.com\/index.php\/wp-json\/wp\/v2\/product"}],"about":[{"href":"https:\/\/tulibreando.com\/index.php\/wp-json\/wp\/v2\/types\/product"}],"replies":[{"embeddable":true,"href":"https:\/\/tulibreando.com\/index.php\/wp-json\/wp\/v2\/comments?post=2613"}],"wp:featuredmedia":[{"embeddable":true,"href":"https:\/\/tulibreando.com\/index.php\/wp-json\/wp\/v2\/media\/2614"}],"wp:attachment":[{"href":"https:\/\/tulibreando.com\/index.php\/wp-json\/wp\/v2\/media?parent=2613"}],"wp:term":[{"taxonomy":"product_cat","embeddable":true,"href":"https:\/\/tulibreando.com\/index.php\/wp-json\/wp\/v2\/product_cat?post=2613"},{"taxonomy":"product_tag","embeddable":true,"href":"https:\/\/tulibreando.com\/index.php\/wp-json\/wp\/v2\/product_tag?post=2613"}],"curies":[{"name":"wp","href":"https:\/\/api.w.org\/{rel}","templated":true}]}}