{"id":2609,"date":"2024-05-29T13:39:56","date_gmt":"2024-05-29T17:39:56","guid":{"rendered":"https:\/\/tulibreando.com\/?post_type=product&#038;p=2609"},"modified":"2024-06-06T15:17:56","modified_gmt":"2024-06-06T19:17:56","slug":"en-las-montanas-de-la-locura","status":"publish","type":"product","link":"https:\/\/tulibreando.com\/index.php\/product\/en-las-montanas-de-la-locura\/","title":{"rendered":"En las monta\u00f1as de la locura"},"content":{"rendered":"<div class=\"text-container\" data-v-02a091b0=\"\">\n<div class=\"formated-text\" data-v-02a091b0=\"\" data-v-710c7308=\"\">En las monta\u00f1as de la locura es la memoria en primera persona de un ge\u00f3logo de la Universidad de Miskatonic sobre una reciente expedici\u00f3n dirigida por \u00e9l al continente ant\u00e1rtico y su tr\u00e1gico final .Narra el profesor superviviente c\u00f3mo se inici\u00f3 la expedici\u00f3n, con aeroplanos y trineos tirados por perros, y c\u00f3mo en uno de los vuelos de reconocimiento se toparon con una impresionante cordillera, tal vez m\u00e1s elevada que el Himalaya. Un primer grupo llega por tierra a sus estribaciones y acampa al pie de los montes. Las exploraciones de la zona llevan al grupo a descubrir una cueva en cuyo interior encuentran catorce f\u00f3siles de una estatura superior a la humana pertenecientes a unos seres totalmente desconocidos para la ciencia: el cuerpo principal del organismo tiene forma de barril, sostenido por una serie de patas, de su extremo superior surge un ramillete de tent\u00e1culos y dispone de unas alas membranosas replegadas a ambos costados. Un segundo grupo, con el que viaja el narrador, pierde, tras estas intrigantes informaciones, el contacto por radio con el primero, y se dirigen al lugar en aeroplano. El espect\u00e1culo que les espera al llegar es dantesco&#8230; Poco despu\u00e9s, en una inspecci\u00f3n a\u00e9rea sobre la cordillera har\u00e1n un descubrimiento hist\u00f3rico y fascinante&#8230;Muchos cr\u00edticos han querido ver en este espeluznante relato una magistral continuaci\u00f3n al misterioso final de Las aventuras de Arthur Gordon Pym, de E.A. Poe, precursor y maestro de Lovecraft.<\/div>\n<\/div>\n<div class=\"action\" data-v-02a091b0=\"\"><a class=\"text-body-2 accent--text text-underline-hover\" data-click-event-element=\"Ver m\u00e1s\" data-v-02a091b0=\"\" data-v-710c7308=\"\">Ver menos<\/a><\/div>\n","protected":false},"excerpt":{"rendered":"<p>En las monta\u00f1as de la locura es la memoria en primera persona de un ge\u00f3logo de la Universidad de Miskatonic sobre una reciente expedici\u00f3n dirigida por \u00e9l al continente ant\u00e1rtico y su tr\u00e1gico final .Narra el profesor superviviente c\u00f3mo se inici\u00f3 la expedici\u00f3n, con aeroplanos y trineos tirados por perros, y c\u00f3mo en uno de [&hellip;]<\/p>\n","protected":false},"featured_media":2610,"comment_status":"open","ping_status":"closed","template":"","meta":{"_acf_changed":false,"product_autor":""},"product_cat":[45],"product_tag":[],"class_list":{"0":"post-2609","1":"product","2":"type-product","3":"status-publish","4":"has-post-thumbnail","6":"product_cat-literatura-y-novelas","8":"first","9":"instock","10":"virtual","11":"purchasable","12":"product-type-simple"},"acf":[],"_links":{"self":[{"href":"https:\/\/tulibreando.com\/index.php\/wp-json\/wp\/v2\/product\/2609"}],"collection":[{"href":"https:\/\/tulibreando.com\/index.php\/wp-json\/wp\/v2\/product"}],"about":[{"href":"https:\/\/tulibreando.com\/index.php\/wp-json\/wp\/v2\/types\/product"}],"replies":[{"embeddable":true,"href":"https:\/\/tulibreando.com\/index.php\/wp-json\/wp\/v2\/comments?post=2609"}],"wp:featuredmedia":[{"embeddable":true,"href":"https:\/\/tulibreando.com\/index.php\/wp-json\/wp\/v2\/media\/2610"}],"wp:attachment":[{"href":"https:\/\/tulibreando.com\/index.php\/wp-json\/wp\/v2\/media?parent=2609"}],"wp:term":[{"taxonomy":"product_cat","embeddable":true,"href":"https:\/\/tulibreando.com\/index.php\/wp-json\/wp\/v2\/product_cat?post=2609"},{"taxonomy":"product_tag","embeddable":true,"href":"https:\/\/tulibreando.com\/index.php\/wp-json\/wp\/v2\/product_tag?post=2609"}],"curies":[{"name":"wp","href":"https:\/\/api.w.org\/{rel}","templated":true}]}}