{"id":2605,"date":"2024-05-29T13:33:48","date_gmt":"2024-05-29T17:33:48","guid":{"rendered":"https:\/\/tulibreando.com\/?post_type=product&#038;p=2605"},"modified":"2024-06-06T15:17:56","modified_gmt":"2024-06-06T19:17:56","slug":"la-dieta-de-la-longevidad","status":"publish","type":"product","link":"https:\/\/tulibreando.com\/index.php\/product\/la-dieta-de-la-longevidad\/","title":{"rendered":"La dieta de la longevidad"},"content":{"rendered":"<p>Tienes ante ti uno de los descubrimientos cient\u00edficos m\u00e1s revolucionarios en el campo del envejecimiento: c\u00f3mo prevenir y curar las enfermedades m\u00e1s comunes del s. XXI a trav\u00e9s de la alimentaci\u00f3n.<\/p>\n<p>Revolucionario porque se ha demostrado que la capacidad de mantenernos j\u00f3venes e incluso la de regenerarnos, est\u00e1 dentro de nosotros, en nuestro cuerpo, y que podemos reprogramar nuestras c\u00e9lulas y reducir los factores de riesgo de enfermedades como la diabetes, patolog\u00edas cardiovasculares e autoinmunes, enfermedades neurodegenerativas como el Alzheimer o el c\u00e1ncer con un r\u00e9gimen<\/p>\n","protected":false},"excerpt":{"rendered":"<p>Tienes ante ti uno de los descubrimientos cient\u00edficos m\u00e1s revolucionarios en el campo del envejecimiento: c\u00f3mo prevenir y curar las enfermedades m\u00e1s comunes del s. XXI a trav\u00e9s de la alimentaci\u00f3n. Revolucionario porque se ha demostrado que la capacidad de mantenernos j\u00f3venes e incluso la de regenerarnos, est\u00e1 dentro de nosotros, en nuestro cuerpo, y [&hellip;]<\/p>\n","protected":false},"featured_media":2606,"comment_status":"open","ping_status":"closed","template":"","meta":{"_acf_changed":false,"product_autor":""},"product_cat":[38],"product_tag":[],"class_list":{"0":"post-2605","1":"product","2":"type-product","3":"status-publish","4":"has-post-thumbnail","6":"product_cat-salud","8":"first","9":"instock","10":"virtual","11":"purchasable","12":"product-type-simple"},"acf":[],"_links":{"self":[{"href":"https:\/\/tulibreando.com\/index.php\/wp-json\/wp\/v2\/product\/2605"}],"collection":[{"href":"https:\/\/tulibreando.com\/index.php\/wp-json\/wp\/v2\/product"}],"about":[{"href":"https:\/\/tulibreando.com\/index.php\/wp-json\/wp\/v2\/types\/product"}],"replies":[{"embeddable":true,"href":"https:\/\/tulibreando.com\/index.php\/wp-json\/wp\/v2\/comments?post=2605"}],"wp:featuredmedia":[{"embeddable":true,"href":"https:\/\/tulibreando.com\/index.php\/wp-json\/wp\/v2\/media\/2606"}],"wp:attachment":[{"href":"https:\/\/tulibreando.com\/index.php\/wp-json\/wp\/v2\/media?parent=2605"}],"wp:term":[{"taxonomy":"product_cat","embeddable":true,"href":"https:\/\/tulibreando.com\/index.php\/wp-json\/wp\/v2\/product_cat?post=2605"},{"taxonomy":"product_tag","embeddable":true,"href":"https:\/\/tulibreando.com\/index.php\/wp-json\/wp\/v2\/product_tag?post=2605"}],"curies":[{"name":"wp","href":"https:\/\/api.w.org\/{rel}","templated":true}]}}