{"id":2592,"date":"2024-05-29T12:32:56","date_gmt":"2024-05-29T16:32:56","guid":{"rendered":"https:\/\/tulibreando.com\/?post_type=product&#038;p=2592"},"modified":"2024-06-06T15:17:54","modified_gmt":"2024-06-06T19:17:54","slug":"las-luces-de-febrero","status":"publish","type":"product","link":"https:\/\/tulibreando.com\/index.php\/product\/las-luces-de-febrero\/","title":{"rendered":"Las luces de febrero"},"content":{"rendered":"<p>Ellie Ross vive por y para el baloncesto.<\/p>\n<p>\u00bfSu objetivo? Ser la primera chica en el equipo de su ciudad.<\/p>\n<p>\u00bfSu mayor obst\u00e1culo? V\u00edctor, con quien no habla desde los quince a\u00f1os y con quien, desde luego, no termin\u00f3 nada bien.<\/p>\n<p>Jay Ross vive por y para su familia.<\/p>\n<p>\u00bfSu objetivo? Encontrar cu\u00e1l es su prop\u00f3sito de una vez por todas.<\/p>\n<p>\u00bfSu mayor obst\u00e1culo? El nuevo cuidador de su abuela: el despreocupado y odiosamente perfecto Nolan.<\/p>\n<p>Del amor al odio hay solo un paso, pero del odio al amor hay un camino muy largo. Uno lleno de crisis existenciales y pelotazos en la cabeza.<\/p>\n<p>Y, como cada a\u00f1o, las luces de febrero aguardan al final del camino. \u00bfHas pensado ya en tu deseo?<\/p>\n","protected":false},"excerpt":{"rendered":"<p>Ellie Ross vive por y para el baloncesto. \u00bfSu objetivo? Ser la primera chica en el equipo de su ciudad. \u00bfSu mayor obst\u00e1culo? V\u00edctor, con quien no habla desde los quince a\u00f1os y con quien, desde luego, no termin\u00f3 nada bien. Jay Ross vive por y para su familia. \u00bfSu objetivo? Encontrar cu\u00e1l es su [&hellip;]<\/p>\n","protected":false},"featured_media":2594,"comment_status":"open","ping_status":"closed","template":"","meta":{"_acf_changed":false,"product_autor":""},"product_cat":[45],"product_tag":[],"class_list":{"0":"post-2592","1":"product","2":"type-product","3":"status-publish","4":"has-post-thumbnail","6":"product_cat-literatura-y-novelas","8":"first","9":"instock","10":"virtual","11":"purchasable","12":"product-type-simple"},"acf":[],"_links":{"self":[{"href":"https:\/\/tulibreando.com\/index.php\/wp-json\/wp\/v2\/product\/2592"}],"collection":[{"href":"https:\/\/tulibreando.com\/index.php\/wp-json\/wp\/v2\/product"}],"about":[{"href":"https:\/\/tulibreando.com\/index.php\/wp-json\/wp\/v2\/types\/product"}],"replies":[{"embeddable":true,"href":"https:\/\/tulibreando.com\/index.php\/wp-json\/wp\/v2\/comments?post=2592"}],"wp:featuredmedia":[{"embeddable":true,"href":"https:\/\/tulibreando.com\/index.php\/wp-json\/wp\/v2\/media\/2594"}],"wp:attachment":[{"href":"https:\/\/tulibreando.com\/index.php\/wp-json\/wp\/v2\/media?parent=2592"}],"wp:term":[{"taxonomy":"product_cat","embeddable":true,"href":"https:\/\/tulibreando.com\/index.php\/wp-json\/wp\/v2\/product_cat?post=2592"},{"taxonomy":"product_tag","embeddable":true,"href":"https:\/\/tulibreando.com\/index.php\/wp-json\/wp\/v2\/product_tag?post=2592"}],"curies":[{"name":"wp","href":"https:\/\/api.w.org\/{rel}","templated":true}]}}