{"id":2587,"date":"2024-05-29T12:20:32","date_gmt":"2024-05-29T16:20:32","guid":{"rendered":"https:\/\/tulibreando.com\/?post_type=product&#038;p=2587"},"modified":"2024-06-06T15:17:53","modified_gmt":"2024-06-06T19:17:53","slug":"rebelion-en-la-granja","status":"publish","type":"product","link":"https:\/\/tulibreando.com\/index.php\/product\/rebelion-en-la-granja\/","title":{"rendered":"Rebeli\u00f3n en la granja"},"content":{"rendered":"<p>Esta s\u00e1tira de la Revoluci\u00f3n rusa y el triunfo del estalinismo, escrita en 1945, se ha convertido por derecho propio en un hito de la cultura contempor\u00e1nea y en uno de los libros m\u00e1s mordaces de todos los tiempos. Ante el auge de los animales de la Granja Solariega, pronto detectamos las semillas de totalitarismo en una organizaci\u00f3n aparentemente ideal; y en nuestros l\u00edderes m\u00e1s carism\u00e1ticos, la sombra de los opresores m\u00e1s crueles.<\/p>\n","protected":false},"excerpt":{"rendered":"<p>Esta s\u00e1tira de la Revoluci\u00f3n rusa y el triunfo del estalinismo, escrita en 1945, se ha convertido por derecho propio en un hito de la cultura contempor\u00e1nea y en uno de los libros m\u00e1s mordaces de todos los tiempos. Ante el auge de los animales de la Granja Solariega, pronto detectamos las semillas de totalitarismo [&hellip;]<\/p>\n","protected":false},"featured_media":2588,"comment_status":"open","ping_status":"closed","template":"","meta":{"_acf_changed":false,"product_autor":""},"product_cat":[45],"product_tag":[],"class_list":{"0":"post-2587","1":"product","2":"type-product","3":"status-publish","4":"has-post-thumbnail","6":"product_cat-literatura-y-novelas","8":"first","9":"instock","10":"virtual","11":"purchasable","12":"product-type-simple"},"acf":[],"_links":{"self":[{"href":"https:\/\/tulibreando.com\/index.php\/wp-json\/wp\/v2\/product\/2587"}],"collection":[{"href":"https:\/\/tulibreando.com\/index.php\/wp-json\/wp\/v2\/product"}],"about":[{"href":"https:\/\/tulibreando.com\/index.php\/wp-json\/wp\/v2\/types\/product"}],"replies":[{"embeddable":true,"href":"https:\/\/tulibreando.com\/index.php\/wp-json\/wp\/v2\/comments?post=2587"}],"wp:featuredmedia":[{"embeddable":true,"href":"https:\/\/tulibreando.com\/index.php\/wp-json\/wp\/v2\/media\/2588"}],"wp:attachment":[{"href":"https:\/\/tulibreando.com\/index.php\/wp-json\/wp\/v2\/media?parent=2587"}],"wp:term":[{"taxonomy":"product_cat","embeddable":true,"href":"https:\/\/tulibreando.com\/index.php\/wp-json\/wp\/v2\/product_cat?post=2587"},{"taxonomy":"product_tag","embeddable":true,"href":"https:\/\/tulibreando.com\/index.php\/wp-json\/wp\/v2\/product_tag?post=2587"}],"curies":[{"name":"wp","href":"https:\/\/api.w.org\/{rel}","templated":true}]}}