{"id":2571,"date":"2024-05-29T11:43:43","date_gmt":"2024-05-29T15:43:43","guid":{"rendered":"https:\/\/tulibreando.com\/?post_type=product&#038;p=2571"},"modified":"2024-06-06T15:17:53","modified_gmt":"2024-06-06T19:17:53","slug":"siddartha","status":"publish","type":"product","link":"https:\/\/tulibreando.com\/index.php\/product\/siddartha\/","title":{"rendered":"Siddartha"},"content":{"rendered":"<p>Esta novela, ambientada en la India tradicional, relata la vida de Siddhartha, un hombre para quien el camino de la verdad pasa por la renuncia y la comprensi\u00f3n de la unidad que subyace en todo lo existente. En sus p\u00e1ginas, el autor ofrece todas las opciones espirituales del hombre.<\/p>\n<p>Hermann Hesse buce\u00f3 en el alma de Oriente a fin de aportar sus aspectos positivos a nuestra sociedad. <i>Siddhartha<\/i> es la obra m\u00e1s representativa de este proceso y ha ejercido una gran influencia en la cultura occidental del siglo XX.<\/p>\n","protected":false},"excerpt":{"rendered":"<p>Esta novela, ambientada en la India tradicional, relata la vida de Siddhartha, un hombre para quien el camino de la verdad pasa por la renuncia y la comprensi\u00f3n de la unidad que subyace en todo lo existente. En sus p\u00e1ginas, el autor ofrece todas las opciones espirituales del hombre. Hermann Hesse buce\u00f3 en el alma [&hellip;]<\/p>\n","protected":false},"featured_media":2572,"comment_status":"open","ping_status":"closed","template":"","meta":{"_acf_changed":false,"product_autor":""},"product_cat":[45],"product_tag":[],"class_list":{"0":"post-2571","1":"product","2":"type-product","3":"status-publish","4":"has-post-thumbnail","6":"product_cat-literatura-y-novelas","8":"first","9":"instock","10":"virtual","11":"purchasable","12":"product-type-simple"},"acf":[],"_links":{"self":[{"href":"https:\/\/tulibreando.com\/index.php\/wp-json\/wp\/v2\/product\/2571"}],"collection":[{"href":"https:\/\/tulibreando.com\/index.php\/wp-json\/wp\/v2\/product"}],"about":[{"href":"https:\/\/tulibreando.com\/index.php\/wp-json\/wp\/v2\/types\/product"}],"replies":[{"embeddable":true,"href":"https:\/\/tulibreando.com\/index.php\/wp-json\/wp\/v2\/comments?post=2571"}],"wp:featuredmedia":[{"embeddable":true,"href":"https:\/\/tulibreando.com\/index.php\/wp-json\/wp\/v2\/media\/2572"}],"wp:attachment":[{"href":"https:\/\/tulibreando.com\/index.php\/wp-json\/wp\/v2\/media?parent=2571"}],"wp:term":[{"taxonomy":"product_cat","embeddable":true,"href":"https:\/\/tulibreando.com\/index.php\/wp-json\/wp\/v2\/product_cat?post=2571"},{"taxonomy":"product_tag","embeddable":true,"href":"https:\/\/tulibreando.com\/index.php\/wp-json\/wp\/v2\/product_tag?post=2571"}],"curies":[{"name":"wp","href":"https:\/\/api.w.org\/{rel}","templated":true}]}}