{"id":2568,"date":"2024-05-29T11:41:00","date_gmt":"2024-05-29T15:41:00","guid":{"rendered":"https:\/\/tulibreando.com\/?post_type=product&#038;p=2568"},"modified":"2024-06-06T15:17:53","modified_gmt":"2024-06-06T19:17:53","slug":"rilla-la-de-ingleside","status":"publish","type":"product","link":"https:\/\/tulibreando.com\/index.php\/product\/rilla-la-de-ingleside\/","title":{"rendered":"Rilla la de Ingleside"},"content":{"rendered":"<p>Ultima entrega de la saga de Ana Shirley. Ha pasado una d\u00e9cada desde el final del libro anterior, y los hijos de Ana ya se han hecho mayores, excepto Rilla, una joven sonadora por la que Ana y Gilbert est\u00e1n preocupados ya que su \u00fanico inter\u00e9s es divertirse. Pero el mundo iluso de Rilla comienza a resquebrajarse cuando una noche en mitad de un baile estalla la guerra.<\/p>\n","protected":false},"excerpt":{"rendered":"<p>Ultima entrega de la saga de Ana Shirley. Ha pasado una d\u00e9cada desde el final del libro anterior, y los hijos de Ana ya se han hecho mayores, excepto Rilla, una joven sonadora por la que Ana y Gilbert est\u00e1n preocupados ya que su \u00fanico inter\u00e9s es divertirse. Pero el mundo iluso de Rilla comienza [&hellip;]<\/p>\n","protected":false},"featured_media":2582,"comment_status":"open","ping_status":"closed","template":"","meta":{"_acf_changed":false,"product_autor":""},"product_cat":[46],"product_tag":[],"class_list":{"0":"post-2568","1":"product","2":"type-product","3":"status-publish","4":"has-post-thumbnail","6":"product_cat-para-peques-y-no-tan-peques","8":"first","9":"instock","10":"virtual","11":"purchasable","12":"product-type-simple"},"acf":[],"_links":{"self":[{"href":"https:\/\/tulibreando.com\/index.php\/wp-json\/wp\/v2\/product\/2568"}],"collection":[{"href":"https:\/\/tulibreando.com\/index.php\/wp-json\/wp\/v2\/product"}],"about":[{"href":"https:\/\/tulibreando.com\/index.php\/wp-json\/wp\/v2\/types\/product"}],"replies":[{"embeddable":true,"href":"https:\/\/tulibreando.com\/index.php\/wp-json\/wp\/v2\/comments?post=2568"}],"wp:featuredmedia":[{"embeddable":true,"href":"https:\/\/tulibreando.com\/index.php\/wp-json\/wp\/v2\/media\/2582"}],"wp:attachment":[{"href":"https:\/\/tulibreando.com\/index.php\/wp-json\/wp\/v2\/media?parent=2568"}],"wp:term":[{"taxonomy":"product_cat","embeddable":true,"href":"https:\/\/tulibreando.com\/index.php\/wp-json\/wp\/v2\/product_cat?post=2568"},{"taxonomy":"product_tag","embeddable":true,"href":"https:\/\/tulibreando.com\/index.php\/wp-json\/wp\/v2\/product_tag?post=2568"}],"curies":[{"name":"wp","href":"https:\/\/api.w.org\/{rel}","templated":true}]}}