{"id":2561,"date":"2024-05-29T11:28:34","date_gmt":"2024-05-29T15:28:34","guid":{"rendered":"https:\/\/tulibreando.com\/?post_type=product&#038;p=2561"},"modified":"2024-06-06T15:17:53","modified_gmt":"2024-06-06T19:17:53","slug":"los-compas-y-el-diamantito-legendario","status":"publish","type":"product","link":"https:\/\/tulibreando.com\/index.php\/product\/los-compas-y-el-diamantito-legendario\/","title":{"rendered":"Los compas y el diamantito legendario"},"content":{"rendered":"<p>Mike, Timba y Trolli se merecen unas vacaciones, as\u00ed que lo han preparado todo para pasar unos d\u00edas de descanso en una isla tranquila y alejada del ajetreo diario.<\/p>\n<p>De manera accidental, encontrar\u00e1n un pergamino que los pondr\u00e1 sobre la pista de un extra\u00f1o tesoro, relacionado con viejas leyendas locales que nos hablan de criaturas m\u00e1gicas, profec\u00edas antiguas y batallas entre gigantes y caballeros.<\/p>\n<p>Sin haberlo buscado, los Compas se ver\u00e1n envueltos en una aventura \u00e9pica que quiz\u00e1 los convierta en h\u00e9roes.<\/p>\n","protected":false},"excerpt":{"rendered":"<p>Mike, Timba y Trolli se merecen unas vacaciones, as\u00ed que lo han preparado todo para pasar unos d\u00edas de descanso en una isla tranquila y alejada del ajetreo diario. De manera accidental, encontrar\u00e1n un pergamino que los pondr\u00e1 sobre la pista de un extra\u00f1o tesoro, relacionado con viejas leyendas locales que nos hablan de criaturas [&hellip;]<\/p>\n","protected":false},"featured_media":2563,"comment_status":"open","ping_status":"closed","template":"","meta":{"_acf_changed":false,"product_autor":""},"product_cat":[46],"product_tag":[],"class_list":{"0":"post-2561","1":"product","2":"type-product","3":"status-publish","4":"has-post-thumbnail","6":"product_cat-para-peques-y-no-tan-peques","8":"first","9":"instock","10":"virtual","11":"purchasable","12":"product-type-simple"},"acf":[],"_links":{"self":[{"href":"https:\/\/tulibreando.com\/index.php\/wp-json\/wp\/v2\/product\/2561"}],"collection":[{"href":"https:\/\/tulibreando.com\/index.php\/wp-json\/wp\/v2\/product"}],"about":[{"href":"https:\/\/tulibreando.com\/index.php\/wp-json\/wp\/v2\/types\/product"}],"replies":[{"embeddable":true,"href":"https:\/\/tulibreando.com\/index.php\/wp-json\/wp\/v2\/comments?post=2561"}],"wp:featuredmedia":[{"embeddable":true,"href":"https:\/\/tulibreando.com\/index.php\/wp-json\/wp\/v2\/media\/2563"}],"wp:attachment":[{"href":"https:\/\/tulibreando.com\/index.php\/wp-json\/wp\/v2\/media?parent=2561"}],"wp:term":[{"taxonomy":"product_cat","embeddable":true,"href":"https:\/\/tulibreando.com\/index.php\/wp-json\/wp\/v2\/product_cat?post=2561"},{"taxonomy":"product_tag","embeddable":true,"href":"https:\/\/tulibreando.com\/index.php\/wp-json\/wp\/v2\/product_tag?post=2561"}],"curies":[{"name":"wp","href":"https:\/\/api.w.org\/{rel}","templated":true}]}}