{"id":2554,"date":"2024-05-28T13:44:38","date_gmt":"2024-05-28T17:44:38","guid":{"rendered":"https:\/\/tulibreando.com\/?post_type=product&#038;p=2554"},"modified":"2024-06-06T15:17:52","modified_gmt":"2024-06-06T19:17:52","slug":"la-lista-de-la-suerte","status":"publish","type":"product","link":"https:\/\/tulibreando.com\/index.php\/product\/la-lista-de-la-suerte\/","title":{"rendered":"La lista de la suerte"},"content":{"rendered":"<p>Emily y su madre siempre ten\u00edan suerte, hasta que se les acab\u00f3: hace tres a\u00f1os que su madre muri\u00f3 de c\u00e1ncer y nada ha ido bien desde entonces.<\/p>\n<p>Todo cambia cuando Emily encuentra la lista de deseos para el verano que su madre escribi\u00f3 cuando ten\u00eda su edad, y emprende un viaje para marcar cada casilla y enfrentarse al miedo de perder la conexi\u00f3n con su madre. Pero la lista le acerca cada vez m\u00e1s a su nueva amiga Blake&#8230; de maneras que su madre quiz\u00e1 no podr\u00eda entender.<\/p>\n","protected":false},"excerpt":{"rendered":"<p>Emily y su madre siempre ten\u00edan suerte, hasta que se les acab\u00f3: hace tres a\u00f1os que su madre muri\u00f3 de c\u00e1ncer y nada ha ido bien desde entonces. Todo cambia cuando Emily encuentra la lista de deseos para el verano que su madre escribi\u00f3 cuando ten\u00eda su edad, y emprende un viaje para marcar cada [&hellip;]<\/p>\n","protected":false},"featured_media":2555,"comment_status":"open","ping_status":"closed","template":"","meta":{"_acf_changed":false,"product_autor":""},"product_cat":[45],"product_tag":[],"class_list":{"0":"post-2554","1":"product","2":"type-product","3":"status-publish","4":"has-post-thumbnail","6":"product_cat-literatura-y-novelas","8":"first","9":"instock","10":"virtual","11":"purchasable","12":"product-type-simple"},"acf":[],"_links":{"self":[{"href":"https:\/\/tulibreando.com\/index.php\/wp-json\/wp\/v2\/product\/2554"}],"collection":[{"href":"https:\/\/tulibreando.com\/index.php\/wp-json\/wp\/v2\/product"}],"about":[{"href":"https:\/\/tulibreando.com\/index.php\/wp-json\/wp\/v2\/types\/product"}],"replies":[{"embeddable":true,"href":"https:\/\/tulibreando.com\/index.php\/wp-json\/wp\/v2\/comments?post=2554"}],"wp:featuredmedia":[{"embeddable":true,"href":"https:\/\/tulibreando.com\/index.php\/wp-json\/wp\/v2\/media\/2555"}],"wp:attachment":[{"href":"https:\/\/tulibreando.com\/index.php\/wp-json\/wp\/v2\/media?parent=2554"}],"wp:term":[{"taxonomy":"product_cat","embeddable":true,"href":"https:\/\/tulibreando.com\/index.php\/wp-json\/wp\/v2\/product_cat?post=2554"},{"taxonomy":"product_tag","embeddable":true,"href":"https:\/\/tulibreando.com\/index.php\/wp-json\/wp\/v2\/product_tag?post=2554"}],"curies":[{"name":"wp","href":"https:\/\/api.w.org\/{rel}","templated":true}]}}