{"id":2550,"date":"2024-05-28T11:10:18","date_gmt":"2024-05-28T15:10:18","guid":{"rendered":"https:\/\/tulibreando.com\/?post_type=product&#038;p=2550"},"modified":"2024-06-06T15:17:52","modified_gmt":"2024-06-06T19:17:52","slug":"cuentos-de-la-selva","status":"publish","type":"product","link":"https:\/\/tulibreando.com\/index.php\/product\/cuentos-de-la-selva\/","title":{"rendered":"Cuentos de la Selva"},"content":{"rendered":"<p>La selva es el escenario y personaje omnipresente de estos cuentos. La selva tropical, con su violencia natural incontenible, frente al hombre, aliado a veces, destructor las m\u00e1s, de esa naturaleza salvaje. Y en medio, la fauna: desde la gigantesca serpiente que declara la guerra al hombre, hasta el indefenso cachorro muerto equivocadamente por la mano de su propio amo. Este volumen recoge los ocho Cuentos de la Selva propiamente dichos y una selecci\u00f3n de otros siete de id\u00e9ntica ambientaci\u00f3n. Humor y tragedia se combinan eficazmente en ellos, dando como resultado ejemplos antol\u00f3gicos de ese dif\u00edcil arte que es el cuento, en el que Quiroga se revel\u00f3 aut\u00e9ntico maestro.<\/p>\n","protected":false},"excerpt":{"rendered":"<p>La selva es el escenario y personaje omnipresente de estos cuentos. La selva tropical, con su violencia natural incontenible, frente al hombre, aliado a veces, destructor las m\u00e1s, de esa naturaleza salvaje. Y en medio, la fauna: desde la gigantesca serpiente que declara la guerra al hombre, hasta el indefenso cachorro muerto equivocadamente por la [&hellip;]<\/p>\n","protected":false},"featured_media":2551,"comment_status":"open","ping_status":"closed","template":"","meta":{"_acf_changed":false,"product_autor":""},"product_cat":[46],"product_tag":[],"class_list":{"0":"post-2550","1":"product","2":"type-product","3":"status-publish","4":"has-post-thumbnail","6":"product_cat-para-peques-y-no-tan-peques","8":"first","9":"instock","10":"virtual","11":"purchasable","12":"product-type-simple"},"acf":[],"_links":{"self":[{"href":"https:\/\/tulibreando.com\/index.php\/wp-json\/wp\/v2\/product\/2550"}],"collection":[{"href":"https:\/\/tulibreando.com\/index.php\/wp-json\/wp\/v2\/product"}],"about":[{"href":"https:\/\/tulibreando.com\/index.php\/wp-json\/wp\/v2\/types\/product"}],"replies":[{"embeddable":true,"href":"https:\/\/tulibreando.com\/index.php\/wp-json\/wp\/v2\/comments?post=2550"}],"wp:featuredmedia":[{"embeddable":true,"href":"https:\/\/tulibreando.com\/index.php\/wp-json\/wp\/v2\/media\/2551"}],"wp:attachment":[{"href":"https:\/\/tulibreando.com\/index.php\/wp-json\/wp\/v2\/media?parent=2550"}],"wp:term":[{"taxonomy":"product_cat","embeddable":true,"href":"https:\/\/tulibreando.com\/index.php\/wp-json\/wp\/v2\/product_cat?post=2550"},{"taxonomy":"product_tag","embeddable":true,"href":"https:\/\/tulibreando.com\/index.php\/wp-json\/wp\/v2\/product_tag?post=2550"}],"curies":[{"name":"wp","href":"https:\/\/api.w.org\/{rel}","templated":true}]}}