{"id":2547,"date":"2024-05-28T11:01:32","date_gmt":"2024-05-28T15:01:32","guid":{"rendered":"https:\/\/tulibreando.com\/?post_type=product&#038;p=2547"},"modified":"2024-06-06T15:17:52","modified_gmt":"2024-06-06T19:17:52","slug":"demian","status":"publish","type":"product","link":"https:\/\/tulibreando.com\/index.php\/product\/demian\/","title":{"rendered":"Demian"},"content":{"rendered":"<p>Escrita tras las tr\u00e1gicas experiencias de la Gran Guerra, Demian es una de las obras m\u00e1s emblem\u00e1ticas de Hermann Hesse (1877-1962). La novela -en la que late la repulsa de la sociedad burguesa y masificada y el llamamiento a los elegidos (los que llevan en su frente el \u00abestigma de Ca\u00edn\u00bb) para conquistar la autenticidad y emprender la reconstrucci\u00f3n comunitaria de la humanidad- narra, como reza su subt\u00edtulo, la \u00abhistoria de la juventud\u00bb de Emil Sinclair, quien, en ruptura con el mundo claro y seguro de su infancia, va a la busca de su personalidad y de su destino, s\u00f3lo realizables en el mundo oscuro, incierto y amenazador de los adultos.<\/p>\n","protected":false},"excerpt":{"rendered":"<p>Escrita tras las tr\u00e1gicas experiencias de la Gran Guerra, Demian es una de las obras m\u00e1s emblem\u00e1ticas de Hermann Hesse (1877-1962). La novela -en la que late la repulsa de la sociedad burguesa y masificada y el llamamiento a los elegidos (los que llevan en su frente el \u00abestigma de Ca\u00edn\u00bb) para conquistar la autenticidad [&hellip;]<\/p>\n","protected":false},"featured_media":2548,"comment_status":"open","ping_status":"closed","template":"","meta":{"_acf_changed":false,"product_autor":""},"product_cat":[45],"product_tag":[],"class_list":{"0":"post-2547","1":"product","2":"type-product","3":"status-publish","4":"has-post-thumbnail","6":"product_cat-literatura-y-novelas","8":"first","9":"instock","10":"virtual","11":"purchasable","12":"product-type-simple"},"acf":[],"_links":{"self":[{"href":"https:\/\/tulibreando.com\/index.php\/wp-json\/wp\/v2\/product\/2547"}],"collection":[{"href":"https:\/\/tulibreando.com\/index.php\/wp-json\/wp\/v2\/product"}],"about":[{"href":"https:\/\/tulibreando.com\/index.php\/wp-json\/wp\/v2\/types\/product"}],"replies":[{"embeddable":true,"href":"https:\/\/tulibreando.com\/index.php\/wp-json\/wp\/v2\/comments?post=2547"}],"wp:featuredmedia":[{"embeddable":true,"href":"https:\/\/tulibreando.com\/index.php\/wp-json\/wp\/v2\/media\/2548"}],"wp:attachment":[{"href":"https:\/\/tulibreando.com\/index.php\/wp-json\/wp\/v2\/media?parent=2547"}],"wp:term":[{"taxonomy":"product_cat","embeddable":true,"href":"https:\/\/tulibreando.com\/index.php\/wp-json\/wp\/v2\/product_cat?post=2547"},{"taxonomy":"product_tag","embeddable":true,"href":"https:\/\/tulibreando.com\/index.php\/wp-json\/wp\/v2\/product_tag?post=2547"}],"curies":[{"name":"wp","href":"https:\/\/api.w.org\/{rel}","templated":true}]}}