{"id":2541,"date":"2024-05-28T10:45:16","date_gmt":"2024-05-28T14:45:16","guid":{"rendered":"https:\/\/tulibreando.com\/?post_type=product&#038;p=2541"},"modified":"2024-06-06T15:17:52","modified_gmt":"2024-06-06T19:17:52","slug":"ana-la-de-las-tejas-verdes","status":"publish","type":"product","link":"https:\/\/tulibreando.com\/index.php\/product\/ana-la-de-las-tejas-verdes\/","title":{"rendered":"Ana la de las tejas verdes"},"content":{"rendered":"<p>Con la llegada de Ana Shirley a Avonlea, la vida en este apacible pueblo ya nunca volver\u00e1 a ser igual. Aunque la desbordante imaginaci\u00f3n de Ana provocar\u00e1 m\u00e1s de un desastre, su pelo rojo, su desparpajo y su buen coraz\u00f3n conquistar\u00e1n a todo aquel que se cruce con ella y la ayudar\u00e1n a hacer realidad sus sue\u00f1os.<\/p>\n<p>Aventura, humor y mucha emoci\u00f3n de la mano uno de los personajes m\u00e1s entra\u00f1ables de la literatura universal.<\/p>\n","protected":false},"excerpt":{"rendered":"<p>Con la llegada de Ana Shirley a Avonlea, la vida en este apacible pueblo ya nunca volver\u00e1 a ser igual. Aunque la desbordante imaginaci\u00f3n de Ana provocar\u00e1 m\u00e1s de un desastre, su pelo rojo, su desparpajo y su buen coraz\u00f3n conquistar\u00e1n a todo aquel que se cruce con ella y la ayudar\u00e1n a hacer realidad [&hellip;]<\/p>\n","protected":false},"featured_media":2542,"comment_status":"open","ping_status":"closed","template":"","meta":{"_acf_changed":false,"product_autor":""},"product_cat":[46],"product_tag":[],"class_list":{"0":"post-2541","1":"product","2":"type-product","3":"status-publish","4":"has-post-thumbnail","6":"product_cat-para-peques-y-no-tan-peques","8":"first","9":"instock","10":"virtual","11":"purchasable","12":"product-type-simple"},"acf":[],"_links":{"self":[{"href":"https:\/\/tulibreando.com\/index.php\/wp-json\/wp\/v2\/product\/2541"}],"collection":[{"href":"https:\/\/tulibreando.com\/index.php\/wp-json\/wp\/v2\/product"}],"about":[{"href":"https:\/\/tulibreando.com\/index.php\/wp-json\/wp\/v2\/types\/product"}],"replies":[{"embeddable":true,"href":"https:\/\/tulibreando.com\/index.php\/wp-json\/wp\/v2\/comments?post=2541"}],"wp:featuredmedia":[{"embeddable":true,"href":"https:\/\/tulibreando.com\/index.php\/wp-json\/wp\/v2\/media\/2542"}],"wp:attachment":[{"href":"https:\/\/tulibreando.com\/index.php\/wp-json\/wp\/v2\/media?parent=2541"}],"wp:term":[{"taxonomy":"product_cat","embeddable":true,"href":"https:\/\/tulibreando.com\/index.php\/wp-json\/wp\/v2\/product_cat?post=2541"},{"taxonomy":"product_tag","embeddable":true,"href":"https:\/\/tulibreando.com\/index.php\/wp-json\/wp\/v2\/product_tag?post=2541"}],"curies":[{"name":"wp","href":"https:\/\/api.w.org\/{rel}","templated":true}]}}