{"id":2533,"date":"2024-05-23T13:51:13","date_gmt":"2024-05-23T17:51:13","guid":{"rendered":"https:\/\/tulibreando.com\/?post_type=product&#038;p=2533"},"modified":"2024-06-06T15:17:52","modified_gmt":"2024-06-06T19:17:52","slug":"cumbres-borrascosas","status":"publish","type":"product","link":"https:\/\/tulibreando.com\/index.php\/product\/cumbres-borrascosas\/","title":{"rendered":"Cumbres Borrascosas"},"content":{"rendered":"<p>El caso de la escritora inglesa Emily Bront\u00eb es verdaderamente excepcional dentro de la literatura. Falleci\u00f3 muy joven, dejando tan s\u00f3lo una novela,\u00a0<em>Cumbres borrascosas<\/em>, la \u00e9pica historia de Catherine y Heathcliff, situada en los sombr\u00edos y desolados p\u00e1ramos de Yorkshire, constituye una asombrosa visi\u00f3n metaf\u00edsica del destino, la obsesi\u00f3n, la pasi\u00f3n y la venganza. Publicada por primera vez en 1847, un a\u00f1o antes de morir su autora, esta obra romp\u00eda por completo con los c\u00e1nones del \u00abdecoro\u00bb que la Inglaterra victoriana exig\u00eda a toda novela.<\/p>\n<p>Esta obra es una larga y extraordinaria descripci\u00f3n de los actos y problemas psicol\u00f3gicos de unos seres locos o perversos que arrastran una existencia m\u00edsera y mal\u00e9fica. Con ellos, su autora nos ofrece una visi\u00f3n de estos personajes que act\u00faan demon\u00edacamente por aridez protestante que se diluye en todas y en cada una de sus p\u00e1ginas.<\/p>\n","protected":false},"excerpt":{"rendered":"<p>El caso de la escritora inglesa Emily Bront\u00eb es verdaderamente excepcional dentro de la literatura. Falleci\u00f3 muy joven, dejando tan s\u00f3lo una novela,\u00a0Cumbres borrascosas, la \u00e9pica historia de Catherine y Heathcliff, situada en los sombr\u00edos y desolados p\u00e1ramos de Yorkshire, constituye una asombrosa visi\u00f3n metaf\u00edsica del destino, la obsesi\u00f3n, la pasi\u00f3n y la venganza. Publicada [&hellip;]<\/p>\n","protected":false},"featured_media":2534,"comment_status":"open","ping_status":"closed","template":"","meta":{"_acf_changed":false,"product_autor":""},"product_cat":[45],"product_tag":[],"class_list":{"0":"post-2533","1":"product","2":"type-product","3":"status-publish","4":"has-post-thumbnail","6":"product_cat-literatura-y-novelas","8":"first","9":"instock","10":"virtual","11":"purchasable","12":"product-type-simple"},"acf":[],"_links":{"self":[{"href":"https:\/\/tulibreando.com\/index.php\/wp-json\/wp\/v2\/product\/2533"}],"collection":[{"href":"https:\/\/tulibreando.com\/index.php\/wp-json\/wp\/v2\/product"}],"about":[{"href":"https:\/\/tulibreando.com\/index.php\/wp-json\/wp\/v2\/types\/product"}],"replies":[{"embeddable":true,"href":"https:\/\/tulibreando.com\/index.php\/wp-json\/wp\/v2\/comments?post=2533"}],"wp:featuredmedia":[{"embeddable":true,"href":"https:\/\/tulibreando.com\/index.php\/wp-json\/wp\/v2\/media\/2534"}],"wp:attachment":[{"href":"https:\/\/tulibreando.com\/index.php\/wp-json\/wp\/v2\/media?parent=2533"}],"wp:term":[{"taxonomy":"product_cat","embeddable":true,"href":"https:\/\/tulibreando.com\/index.php\/wp-json\/wp\/v2\/product_cat?post=2533"},{"taxonomy":"product_tag","embeddable":true,"href":"https:\/\/tulibreando.com\/index.php\/wp-json\/wp\/v2\/product_tag?post=2533"}],"curies":[{"name":"wp","href":"https:\/\/api.w.org\/{rel}","templated":true}]}}