{"id":2483,"date":"2024-05-22T14:17:06","date_gmt":"2024-05-22T18:17:06","guid":{"rendered":"https:\/\/tulibreando.com\/?post_type=product&#038;p=2483"},"modified":"2024-06-06T15:17:49","modified_gmt":"2024-06-06T19:17:49","slug":"hamlet","status":"publish","type":"product","link":"https:\/\/tulibreando.com\/index.php\/product\/hamlet\/","title":{"rendered":"Hamlet"},"content":{"rendered":"<p>Obra en la que el genio de William Shakespeare (1564-1616) brilla con especial fuerza, la tragedia de &#8220;Hamlet&#8221; traza el admirable retrato de un legendario pr\u00edncipe de Dinamarca so\u00f1ador y contemplativo, sumido en dudas e irresoluciones, que, obligado a esclarecer los motivos que llevaron a la muerte de su padre, sucumbe ante la fatalidad de las circunstancias. Poblada, como se\u00f1ala en su pr\u00f3logo Vicente Molina Foix, por una abundante y compleja galer\u00eda de personajes secundarios, la obra ha gozado de una constante vigencia a lo largo del tiempo, que ha hecho que se incorporen al lenguaje com\u00fan numerosas expresiones de la obra (\u00abser o no ser\u00bb, \u00abpalabras, palabras, palabras\u00bb, \u00ablo dem\u00e1s es silencio\u00bb) que han llegado a hacerse emblem\u00e1ticas. La ambig\u00fcedad, la ambivalencia y la desorientaci\u00f3n del protagonista lo aproximan notablemente, por otro lado, a a la sensibilidad de nuestra \u00e9poca.<\/p>\n","protected":false},"excerpt":{"rendered":"<p>Obra en la que el genio de William Shakespeare (1564-1616) brilla con especial fuerza, la tragedia de &#8220;Hamlet&#8221; traza el admirable retrato de un legendario pr\u00edncipe de Dinamarca so\u00f1ador y contemplativo, sumido en dudas e irresoluciones, que, obligado a esclarecer los motivos que llevaron a la muerte de su padre, sucumbe ante la fatalidad de [&hellip;]<\/p>\n","protected":false},"featured_media":2482,"comment_status":"open","ping_status":"closed","template":"","meta":{"_acf_changed":false,"product_autor":""},"product_cat":[45],"product_tag":[],"class_list":{"0":"post-2483","1":"product","2":"type-product","3":"status-publish","4":"has-post-thumbnail","6":"product_cat-literatura-y-novelas","8":"first","9":"instock","10":"virtual","11":"purchasable","12":"product-type-simple"},"acf":[],"_links":{"self":[{"href":"https:\/\/tulibreando.com\/index.php\/wp-json\/wp\/v2\/product\/2483"}],"collection":[{"href":"https:\/\/tulibreando.com\/index.php\/wp-json\/wp\/v2\/product"}],"about":[{"href":"https:\/\/tulibreando.com\/index.php\/wp-json\/wp\/v2\/types\/product"}],"replies":[{"embeddable":true,"href":"https:\/\/tulibreando.com\/index.php\/wp-json\/wp\/v2\/comments?post=2483"}],"wp:featuredmedia":[{"embeddable":true,"href":"https:\/\/tulibreando.com\/index.php\/wp-json\/wp\/v2\/media\/2482"}],"wp:attachment":[{"href":"https:\/\/tulibreando.com\/index.php\/wp-json\/wp\/v2\/media?parent=2483"}],"wp:term":[{"taxonomy":"product_cat","embeddable":true,"href":"https:\/\/tulibreando.com\/index.php\/wp-json\/wp\/v2\/product_cat?post=2483"},{"taxonomy":"product_tag","embeddable":true,"href":"https:\/\/tulibreando.com\/index.php\/wp-json\/wp\/v2\/product_tag?post=2483"}],"curies":[{"name":"wp","href":"https:\/\/api.w.org\/{rel}","templated":true}]}}