{"id":2476,"date":"2024-05-22T13:23:55","date_gmt":"2024-05-22T17:23:55","guid":{"rendered":"https:\/\/tulibreando.com\/?post_type=product&#038;p=2476"},"modified":"2024-06-06T15:17:49","modified_gmt":"2024-06-06T19:17:49","slug":"la-maquina-del-tiempo-2","status":"publish","type":"product","link":"https:\/\/tulibreando.com\/index.php\/product\/la-maquina-del-tiempo-2\/","title":{"rendered":"La maquina del Tiempo"},"content":{"rendered":"<p>Cuando Herbert George Wells cre\u00f3 su ingeniosa m\u00e1quina del tiempo, no se limit\u00f3 a trasladar a su inventor al a\u00f1o 802701 para contemplar un Londres totalmente cambiado, una raza humana degenerada, una civilizaci\u00f3n en ruinas, producto de un progreso cient\u00edfico incontrolado&#8230; Influido por el socialismo ut\u00f3pico, Wells hace en esta obra una l\u00facida s\u00e1tira de la sociedad capitalista de su tiempo, adem\u00e1s de trasladar sus inquietudes cient\u00edficas y de plantear una reflexi\u00f3n, plenamente actual, sobre la responsabilidad del ser humano respecto al futuro.<\/p>\n","protected":false},"excerpt":{"rendered":"<p>Cuando Herbert George Wells cre\u00f3 su ingeniosa m\u00e1quina del tiempo, no se limit\u00f3 a trasladar a su inventor al a\u00f1o 802701 para contemplar un Londres totalmente cambiado, una raza humana degenerada, una civilizaci\u00f3n en ruinas, producto de un progreso cient\u00edfico incontrolado&#8230; Influido por el socialismo ut\u00f3pico, Wells hace en esta obra una l\u00facida s\u00e1tira de [&hellip;]<\/p>\n","protected":false},"featured_media":2477,"comment_status":"open","ping_status":"closed","template":"","meta":{"_acf_changed":false,"product_autor":""},"product_cat":[45],"product_tag":[],"class_list":{"0":"post-2476","1":"product","2":"type-product","3":"status-publish","4":"has-post-thumbnail","6":"product_cat-literatura-y-novelas","8":"first","9":"instock","10":"virtual","11":"purchasable","12":"product-type-simple"},"acf":[],"_links":{"self":[{"href":"https:\/\/tulibreando.com\/index.php\/wp-json\/wp\/v2\/product\/2476"}],"collection":[{"href":"https:\/\/tulibreando.com\/index.php\/wp-json\/wp\/v2\/product"}],"about":[{"href":"https:\/\/tulibreando.com\/index.php\/wp-json\/wp\/v2\/types\/product"}],"replies":[{"embeddable":true,"href":"https:\/\/tulibreando.com\/index.php\/wp-json\/wp\/v2\/comments?post=2476"}],"wp:featuredmedia":[{"embeddable":true,"href":"https:\/\/tulibreando.com\/index.php\/wp-json\/wp\/v2\/media\/2477"}],"wp:attachment":[{"href":"https:\/\/tulibreando.com\/index.php\/wp-json\/wp\/v2\/media?parent=2476"}],"wp:term":[{"taxonomy":"product_cat","embeddable":true,"href":"https:\/\/tulibreando.com\/index.php\/wp-json\/wp\/v2\/product_cat?post=2476"},{"taxonomy":"product_tag","embeddable":true,"href":"https:\/\/tulibreando.com\/index.php\/wp-json\/wp\/v2\/product_tag?post=2476"}],"curies":[{"name":"wp","href":"https:\/\/api.w.org\/{rel}","templated":true}]}}