{"id":2472,"date":"2024-05-22T13:06:33","date_gmt":"2024-05-22T17:06:33","guid":{"rendered":"https:\/\/tulibreando.com\/?post_type=product&#038;p=2472"},"modified":"2024-06-06T15:17:49","modified_gmt":"2024-06-06T19:17:49","slug":"ana-la-de-avonlea","status":"publish","type":"product","link":"https:\/\/tulibreando.com\/index.php\/product\/ana-la-de-avonlea\/","title":{"rendered":"Ana la de Avonlea"},"content":{"rendered":"<p>Desde que lleg\u00f3 a Tejas Verdes siendo una imaginativa ni\u00f1a pecosa de 11 a\u00f1os, que a pesar de su facilidad para meterse en l\u00edos se gan\u00f3 el cari\u00f1o de toda la gentede Avonlea, Ana se est\u00e1 haciendo mayor y llega ahora el momento de convertirse en una joven mujercita. A sus diecis\u00e9is a\u00f1os ha madurado mucho, aunque una gran parte de ella sigue siendo tan rebelde como su rojo cabello.En Ana, la de Avonlea, el tierno personaje creado por la canadiense L. M. Montgomery se enfrenta a nuevos retos como maestra de la escuela y fundadora de la Sociedad de Fomento de Avonlea, sociedad juvenil pensada para mejora del lugar. Su imaginaci\u00f3n y su vitalidad seguir\u00e1n haciendo que se vea envuelta en divertidos malentendidos y nuevos problemas que tendr\u00e1 que resolver. Mientras Ana Shirley se convierte en mujer, sus aventuras y ocurrencias nos divertir\u00e1n y tocaran nuestro coraz\u00f3n.<\/p>\n","protected":false},"excerpt":{"rendered":"<p>Desde que lleg\u00f3 a Tejas Verdes siendo una imaginativa ni\u00f1a pecosa de 11 a\u00f1os, que a pesar de su facilidad para meterse en l\u00edos se gan\u00f3 el cari\u00f1o de toda la gentede Avonlea, Ana se est\u00e1 haciendo mayor y llega ahora el momento de convertirse en una joven mujercita. A sus diecis\u00e9is a\u00f1os ha madurado [&hellip;]<\/p>\n","protected":false},"featured_media":2473,"comment_status":"open","ping_status":"closed","template":"","meta":{"_acf_changed":false,"product_autor":""},"product_cat":[46],"product_tag":[],"class_list":{"0":"post-2472","1":"product","2":"type-product","3":"status-publish","4":"has-post-thumbnail","6":"product_cat-para-peques-y-no-tan-peques","8":"first","9":"instock","10":"virtual","11":"purchasable","12":"product-type-simple"},"acf":[],"_links":{"self":[{"href":"https:\/\/tulibreando.com\/index.php\/wp-json\/wp\/v2\/product\/2472"}],"collection":[{"href":"https:\/\/tulibreando.com\/index.php\/wp-json\/wp\/v2\/product"}],"about":[{"href":"https:\/\/tulibreando.com\/index.php\/wp-json\/wp\/v2\/types\/product"}],"replies":[{"embeddable":true,"href":"https:\/\/tulibreando.com\/index.php\/wp-json\/wp\/v2\/comments?post=2472"}],"wp:featuredmedia":[{"embeddable":true,"href":"https:\/\/tulibreando.com\/index.php\/wp-json\/wp\/v2\/media\/2473"}],"wp:attachment":[{"href":"https:\/\/tulibreando.com\/index.php\/wp-json\/wp\/v2\/media?parent=2472"}],"wp:term":[{"taxonomy":"product_cat","embeddable":true,"href":"https:\/\/tulibreando.com\/index.php\/wp-json\/wp\/v2\/product_cat?post=2472"},{"taxonomy":"product_tag","embeddable":true,"href":"https:\/\/tulibreando.com\/index.php\/wp-json\/wp\/v2\/product_tag?post=2472"}],"curies":[{"name":"wp","href":"https:\/\/api.w.org\/{rel}","templated":true}]}}