{"id":2468,"date":"2024-05-22T12:49:23","date_gmt":"2024-05-22T16:49:23","guid":{"rendered":"https:\/\/tulibreando.com\/?post_type=product&#038;p=2468"},"modified":"2024-06-06T15:17:48","modified_gmt":"2024-06-06T19:17:48","slug":"dracula","status":"publish","type":"product","link":"https:\/\/tulibreando.com\/index.php\/product\/dracula\/","title":{"rendered":"Dracula"},"content":{"rendered":"<p>Jonathan Harker viaja a Transilvania para cerrar un negocio inmobiliario con un misterioso conde que acaba de comprar varias propiedades en Londres. Despues de un viaje plagado de ominosas se\u00f1ales, Harker es recogido en el paso de Borgo por un siniestro carruaje que lo llevar\u00e1, acunado por el canto de los lobos, a un castillo en ruinas. Tal es el inquietante principio de una novela magistral que alumbr\u00f3 uno de los mitos m\u00e1s populares y poderosos de todos los tiempos: Dr\u00e1cula.<\/p>\n","protected":false},"excerpt":{"rendered":"<p>Jonathan Harker viaja a Transilvania para cerrar un negocio inmobiliario con un misterioso conde que acaba de comprar varias propiedades en Londres. Despues de un viaje plagado de ominosas se\u00f1ales, Harker es recogido en el paso de Borgo por un siniestro carruaje que lo llevar\u00e1, acunado por el canto de los lobos, a un castillo [&hellip;]<\/p>\n","protected":false},"featured_media":2469,"comment_status":"open","ping_status":"closed","template":"","meta":{"_acf_changed":false,"product_autor":""},"product_cat":[45],"product_tag":[],"class_list":{"0":"post-2468","1":"product","2":"type-product","3":"status-publish","4":"has-post-thumbnail","6":"product_cat-literatura-y-novelas","8":"first","9":"instock","10":"virtual","11":"purchasable","12":"product-type-simple"},"acf":[],"_links":{"self":[{"href":"https:\/\/tulibreando.com\/index.php\/wp-json\/wp\/v2\/product\/2468"}],"collection":[{"href":"https:\/\/tulibreando.com\/index.php\/wp-json\/wp\/v2\/product"}],"about":[{"href":"https:\/\/tulibreando.com\/index.php\/wp-json\/wp\/v2\/types\/product"}],"replies":[{"embeddable":true,"href":"https:\/\/tulibreando.com\/index.php\/wp-json\/wp\/v2\/comments?post=2468"}],"wp:featuredmedia":[{"embeddable":true,"href":"https:\/\/tulibreando.com\/index.php\/wp-json\/wp\/v2\/media\/2469"}],"wp:attachment":[{"href":"https:\/\/tulibreando.com\/index.php\/wp-json\/wp\/v2\/media?parent=2468"}],"wp:term":[{"taxonomy":"product_cat","embeddable":true,"href":"https:\/\/tulibreando.com\/index.php\/wp-json\/wp\/v2\/product_cat?post=2468"},{"taxonomy":"product_tag","embeddable":true,"href":"https:\/\/tulibreando.com\/index.php\/wp-json\/wp\/v2\/product_tag?post=2468"}],"curies":[{"name":"wp","href":"https:\/\/api.w.org\/{rel}","templated":true}]}}