{"id":2454,"date":"2024-05-16T20:27:38","date_gmt":"2024-05-17T00:27:38","guid":{"rendered":"https:\/\/tulibreando.com\/?post_type=product&#038;p=2454"},"modified":"2024-06-06T15:17:48","modified_gmt":"2024-06-06T19:17:48","slug":"la-fidelidad-es-mucho-mas-que-amor","status":"publish","type":"product","link":"https:\/\/tulibreando.com\/index.php\/product\/la-fidelidad-es-mucho-mas-que-amor\/","title":{"rendered":"La fidelidad es mucho mas que amor"},"content":{"rendered":"<p>La estad\u00edstica no enga\u00f1a: m\u00e1s del cincuenta por ciento de la poblaci\u00f3n occidental es infiel, lo ha sido o lo ser\u00e1. \u00bfPero qu\u00e9 se deber\u00eda entender hoy en d\u00eda por infidelidad? \u00bfCu\u00e1l es el secreto de esa otra parte de la poblaci\u00f3n que se mantiene fiel? \u00bfQu\u00e9 factores nos empujan a traicionar los pactos establecidos con nuestra pareja? \u00bfCu\u00e1les son las posibles consecuencias psicol\u00f3gicas de este tipo de enga\u00f1o?<\/p>\n","protected":false},"excerpt":{"rendered":"<p>La estad\u00edstica no enga\u00f1a: m\u00e1s del cincuenta por ciento de la poblaci\u00f3n occidental es infiel, lo ha sido o lo ser\u00e1. \u00bfPero qu\u00e9 se deber\u00eda entender hoy en d\u00eda por infidelidad? \u00bfCu\u00e1l es el secreto de esa otra parte de la poblaci\u00f3n que se mantiene fiel? \u00bfQu\u00e9 factores nos empujan a traicionar los pactos establecidos [&hellip;]<\/p>\n","protected":false},"featured_media":2403,"comment_status":"open","ping_status":"closed","template":"","meta":{"_acf_changed":false,"product_autor":""},"product_cat":[39,36],"product_tag":[],"class_list":{"0":"post-2454","1":"product","2":"type-product","3":"status-publish","4":"has-post-thumbnail","6":"product_cat-crecimiento-personal","7":"product_cat-libros","9":"first","10":"instock","11":"virtual","12":"purchasable","13":"product-type-simple"},"acf":[],"_links":{"self":[{"href":"https:\/\/tulibreando.com\/index.php\/wp-json\/wp\/v2\/product\/2454"}],"collection":[{"href":"https:\/\/tulibreando.com\/index.php\/wp-json\/wp\/v2\/product"}],"about":[{"href":"https:\/\/tulibreando.com\/index.php\/wp-json\/wp\/v2\/types\/product"}],"replies":[{"embeddable":true,"href":"https:\/\/tulibreando.com\/index.php\/wp-json\/wp\/v2\/comments?post=2454"}],"wp:featuredmedia":[{"embeddable":true,"href":"https:\/\/tulibreando.com\/index.php\/wp-json\/wp\/v2\/media\/2403"}],"wp:attachment":[{"href":"https:\/\/tulibreando.com\/index.php\/wp-json\/wp\/v2\/media?parent=2454"}],"wp:term":[{"taxonomy":"product_cat","embeddable":true,"href":"https:\/\/tulibreando.com\/index.php\/wp-json\/wp\/v2\/product_cat?post=2454"},{"taxonomy":"product_tag","embeddable":true,"href":"https:\/\/tulibreando.com\/index.php\/wp-json\/wp\/v2\/product_tag?post=2454"}],"curies":[{"name":"wp","href":"https:\/\/api.w.org\/{rel}","templated":true}]}}