{"id":2448,"date":"2024-05-16T20:27:37","date_gmt":"2024-05-17T00:27:37","guid":{"rendered":"https:\/\/tulibreando.com\/?post_type=product&#038;p=2448"},"modified":"2024-06-06T15:17:47","modified_gmt":"2024-06-06T19:17:47","slug":"tomate-un-respiro","status":"publish","type":"product","link":"https:\/\/tulibreando.com\/index.php\/product\/tomate-un-respiro\/","title":{"rendered":"Tomate un respiro"},"content":{"rendered":"<p>La pr\u00e1ctica del Mindfulness nos hace darnos cuenta de hasta qu\u00e9 punto nuestras proyecciones mentales alteran nuestra percepci\u00f3n de lo real. El Mindfulness nos puede ayudar a mejorar la salud, combatir el estr\u00e9s, la ansiedad, la depresi\u00f3n y potenciar la creatividad. Es la capacidad de estar plenamente presente.<\/p>\n","protected":false},"excerpt":{"rendered":"<p>La pr\u00e1ctica del Mindfulness nos hace darnos cuenta de hasta qu\u00e9 punto nuestras proyecciones mentales alteran nuestra percepci\u00f3n de lo real. El Mindfulness nos puede ayudar a mejorar la salud, combatir el estr\u00e9s, la ansiedad, la depresi\u00f3n y potenciar la creatividad. Es la capacidad de estar plenamente presente.<\/p>\n","protected":false},"featured_media":2412,"comment_status":"open","ping_status":"closed","template":"","meta":{"_acf_changed":false,"product_autor":""},"product_cat":[39,36],"product_tag":[],"class_list":{"0":"post-2448","1":"product","2":"type-product","3":"status-publish","4":"has-post-thumbnail","6":"product_cat-crecimiento-personal","7":"product_cat-libros","9":"first","10":"instock","11":"virtual","12":"purchasable","13":"product-type-simple"},"acf":[],"_links":{"self":[{"href":"https:\/\/tulibreando.com\/index.php\/wp-json\/wp\/v2\/product\/2448"}],"collection":[{"href":"https:\/\/tulibreando.com\/index.php\/wp-json\/wp\/v2\/product"}],"about":[{"href":"https:\/\/tulibreando.com\/index.php\/wp-json\/wp\/v2\/types\/product"}],"replies":[{"embeddable":true,"href":"https:\/\/tulibreando.com\/index.php\/wp-json\/wp\/v2\/comments?post=2448"}],"wp:featuredmedia":[{"embeddable":true,"href":"https:\/\/tulibreando.com\/index.php\/wp-json\/wp\/v2\/media\/2412"}],"wp:attachment":[{"href":"https:\/\/tulibreando.com\/index.php\/wp-json\/wp\/v2\/media?parent=2448"}],"wp:term":[{"taxonomy":"product_cat","embeddable":true,"href":"https:\/\/tulibreando.com\/index.php\/wp-json\/wp\/v2\/product_cat?post=2448"},{"taxonomy":"product_tag","embeddable":true,"href":"https:\/\/tulibreando.com\/index.php\/wp-json\/wp\/v2\/product_tag?post=2448"}],"curies":[{"name":"wp","href":"https:\/\/api.w.org\/{rel}","templated":true}]}}