{"id":2400,"date":"2024-05-16T13:53:27","date_gmt":"2024-05-16T17:53:27","guid":{"rendered":"https:\/\/tulibreando.com\/?post_type=product&#038;p=2400"},"modified":"2024-06-06T15:17:46","modified_gmt":"2024-06-06T19:17:46","slug":"harry-potter-y-el-caliz-de-fuego","status":"publish","type":"product","link":"https:\/\/tulibreando.com\/index.php\/product\/harry-potter-y-el-caliz-de-fuego\/","title":{"rendered":"Harry potter y el caliz de fuego"},"content":{"rendered":"<p>Se va a celebrar en Hogwarts el Torneo de los Tres Magos. S\u00f3lo los alumnos mayores de diecisiete a\u00f1os pueden participar en esta competici\u00f3n, pero, aun as\u00ed, Harry sue\u00f1a con ganarla. En Halloween, cuando el c\u00e1liz de fuego elige a los campeones, Harry se lleva una sorpresa al ver que su nombre es uno de los escogidos por el c\u00e1liz m\u00e1gico. Durante el torneo deber\u00e1 enfrentarse a desaf\u00edos mortales, dragones y magos tenebrosos, pero con la ayuda de Ron y Hermione, sus mejores amigos, \u00a1quiz\u00e1 logre salir con vida!<\/p>\n","protected":false},"excerpt":{"rendered":"<p>Se va a celebrar en Hogwarts el Torneo de los Tres Magos. S\u00f3lo los alumnos mayores de diecisiete a\u00f1os pueden participar en esta competici\u00f3n, pero, aun as\u00ed, Harry sue\u00f1a con ganarla. En Halloween, cuando el c\u00e1liz de fuego elige a los campeones, Harry se lleva una sorpresa al ver que su nombre es uno de [&hellip;]<\/p>\n","protected":false},"featured_media":2303,"comment_status":"open","ping_status":"closed","template":"","meta":{"_acf_changed":false,"product_autor":""},"product_cat":[46],"product_tag":[],"class_list":{"0":"post-2400","1":"product","2":"type-product","3":"status-publish","4":"has-post-thumbnail","6":"product_cat-para-peques-y-no-tan-peques","8":"first","9":"instock","10":"virtual","11":"purchasable","12":"product-type-simple"},"acf":[],"_links":{"self":[{"href":"https:\/\/tulibreando.com\/index.php\/wp-json\/wp\/v2\/product\/2400"}],"collection":[{"href":"https:\/\/tulibreando.com\/index.php\/wp-json\/wp\/v2\/product"}],"about":[{"href":"https:\/\/tulibreando.com\/index.php\/wp-json\/wp\/v2\/types\/product"}],"replies":[{"embeddable":true,"href":"https:\/\/tulibreando.com\/index.php\/wp-json\/wp\/v2\/comments?post=2400"}],"wp:featuredmedia":[{"embeddable":true,"href":"https:\/\/tulibreando.com\/index.php\/wp-json\/wp\/v2\/media\/2303"}],"wp:attachment":[{"href":"https:\/\/tulibreando.com\/index.php\/wp-json\/wp\/v2\/media?parent=2400"}],"wp:term":[{"taxonomy":"product_cat","embeddable":true,"href":"https:\/\/tulibreando.com\/index.php\/wp-json\/wp\/v2\/product_cat?post=2400"},{"taxonomy":"product_tag","embeddable":true,"href":"https:\/\/tulibreando.com\/index.php\/wp-json\/wp\/v2\/product_tag?post=2400"}],"curies":[{"name":"wp","href":"https:\/\/api.w.org\/{rel}","templated":true}]}}