{"id":2399,"date":"2024-05-16T13:53:27","date_gmt":"2024-05-16T17:53:27","guid":{"rendered":"https:\/\/tulibreando.com\/?post_type=product&#038;p=2399"},"modified":"2024-06-06T15:17:46","modified_gmt":"2024-06-06T19:17:46","slug":"prohibido","status":"publish","type":"product","link":"https:\/\/tulibreando.com\/index.php\/product\/prohibido\/","title":{"rendered":"Prohibido"},"content":{"rendered":"<p>No podemos, si empezamos, \u00bfc\u00f3mo vamos a pararlo?\u00bb Lochan y Maya de diecisiete a\u00f1os, siempre se han sentido m\u00e1s amigos que hermanos. Ante la incapacidad de una madre alcoh\u00f3lica y la ausencia de un padre que los abandon\u00f3, deben hacerse cargo de sus hermanos menores y esconder su situaci\u00f3n a los servicios sociales. Esa responsabilidad les ha unido, tanto, que se han enamorado. Saben que su relaci\u00f3n est\u00e1 mal y que no puede continuar, pero al mismo tiempo no pueden controlar sus emociones y la atracci\u00f3n les domina. Su amor es un amor prohibido, y si alguien descubre su secreto, no habr\u00e1 un final feliz para ellos.<\/p>\n","protected":false},"excerpt":{"rendered":"<p>No podemos, si empezamos, \u00bfc\u00f3mo vamos a pararlo?\u00bb Lochan y Maya de diecisiete a\u00f1os, siempre se han sentido m\u00e1s amigos que hermanos. Ante la incapacidad de una madre alcoh\u00f3lica y la ausencia de un padre que los abandon\u00f3, deben hacerse cargo de sus hermanos menores y esconder su situaci\u00f3n a los servicios sociales. Esa responsabilidad [&hellip;]<\/p>\n","protected":false},"featured_media":2304,"comment_status":"open","ping_status":"closed","template":"","meta":{"_acf_changed":false,"product_autor":""},"product_cat":[45],"product_tag":[],"class_list":{"0":"post-2399","1":"product","2":"type-product","3":"status-publish","4":"has-post-thumbnail","6":"product_cat-literatura-y-novelas","8":"first","9":"instock","10":"virtual","11":"purchasable","12":"product-type-simple"},"acf":[],"_links":{"self":[{"href":"https:\/\/tulibreando.com\/index.php\/wp-json\/wp\/v2\/product\/2399"}],"collection":[{"href":"https:\/\/tulibreando.com\/index.php\/wp-json\/wp\/v2\/product"}],"about":[{"href":"https:\/\/tulibreando.com\/index.php\/wp-json\/wp\/v2\/types\/product"}],"replies":[{"embeddable":true,"href":"https:\/\/tulibreando.com\/index.php\/wp-json\/wp\/v2\/comments?post=2399"}],"wp:featuredmedia":[{"embeddable":true,"href":"https:\/\/tulibreando.com\/index.php\/wp-json\/wp\/v2\/media\/2304"}],"wp:attachment":[{"href":"https:\/\/tulibreando.com\/index.php\/wp-json\/wp\/v2\/media?parent=2399"}],"wp:term":[{"taxonomy":"product_cat","embeddable":true,"href":"https:\/\/tulibreando.com\/index.php\/wp-json\/wp\/v2\/product_cat?post=2399"},{"taxonomy":"product_tag","embeddable":true,"href":"https:\/\/tulibreando.com\/index.php\/wp-json\/wp\/v2\/product_tag?post=2399"}],"curies":[{"name":"wp","href":"https:\/\/api.w.org\/{rel}","templated":true}]}}