{"id":2395,"date":"2024-05-16T13:53:27","date_gmt":"2024-05-16T17:53:27","guid":{"rendered":"https:\/\/tulibreando.com\/?post_type=product&#038;p=2395"},"modified":"2024-06-06T15:17:44","modified_gmt":"2024-06-06T19:17:44","slug":"asesinato-en-hollywood-boulevard","status":"publish","type":"product","link":"https:\/\/tulibreando.com\/index.php\/product\/asesinato-en-hollywood-boulevard\/","title":{"rendered":"Asesinato en hollywood boulevard"},"content":{"rendered":"<p>Tras la conmovedora p\u00e9rdida de un amigo, David Ribas se adentra en el peligroso mundo del tr\u00e1fico de drogas en Bombay. Se enfrenta a un enemigo implacable: el fentanilo adulterado, una droga devastadoramente m\u00e1s potente que la hero\u00edna, cuyo rastro mort\u00edfero le lleva a Los \u00c1ngeles, California. En esta ciudad, azotada por la crisis de drogas m\u00e1s letal jam\u00e1s vista, David se al\u00eda con un polic\u00eda para desmantelar a un despiadado narcotraficante y desvelar su conexi\u00f3n con la India.<\/p>\n","protected":false},"excerpt":{"rendered":"<p>Tras la conmovedora p\u00e9rdida de un amigo, David Ribas se adentra en el peligroso mundo del tr\u00e1fico de drogas en Bombay. Se enfrenta a un enemigo implacable: el fentanilo adulterado, una droga devastadoramente m\u00e1s potente que la hero\u00edna, cuyo rastro mort\u00edfero le lleva a Los \u00c1ngeles, California. En esta ciudad, azotada por la crisis de [&hellip;]<\/p>\n","protected":false},"featured_media":2308,"comment_status":"open","ping_status":"closed","template":"","meta":{"_acf_changed":false,"product_autor":""},"product_cat":[45],"product_tag":[],"class_list":{"0":"post-2395","1":"product","2":"type-product","3":"status-publish","4":"has-post-thumbnail","6":"product_cat-literatura-y-novelas","8":"first","9":"instock","10":"virtual","11":"purchasable","12":"product-type-simple"},"acf":[],"_links":{"self":[{"href":"https:\/\/tulibreando.com\/index.php\/wp-json\/wp\/v2\/product\/2395"}],"collection":[{"href":"https:\/\/tulibreando.com\/index.php\/wp-json\/wp\/v2\/product"}],"about":[{"href":"https:\/\/tulibreando.com\/index.php\/wp-json\/wp\/v2\/types\/product"}],"replies":[{"embeddable":true,"href":"https:\/\/tulibreando.com\/index.php\/wp-json\/wp\/v2\/comments?post=2395"}],"wp:featuredmedia":[{"embeddable":true,"href":"https:\/\/tulibreando.com\/index.php\/wp-json\/wp\/v2\/media\/2308"}],"wp:attachment":[{"href":"https:\/\/tulibreando.com\/index.php\/wp-json\/wp\/v2\/media?parent=2395"}],"wp:term":[{"taxonomy":"product_cat","embeddable":true,"href":"https:\/\/tulibreando.com\/index.php\/wp-json\/wp\/v2\/product_cat?post=2395"},{"taxonomy":"product_tag","embeddable":true,"href":"https:\/\/tulibreando.com\/index.php\/wp-json\/wp\/v2\/product_tag?post=2395"}],"curies":[{"name":"wp","href":"https:\/\/api.w.org\/{rel}","templated":true}]}}