{"id":2389,"date":"2024-05-16T13:53:23","date_gmt":"2024-05-16T17:53:23","guid":{"rendered":"https:\/\/tulibreando.com\/?post_type=product&#038;p=2389"},"modified":"2024-06-06T15:17:43","modified_gmt":"2024-06-06T19:17:43","slug":"a-la-caza-del-principe-dracula","status":"publish","type":"product","link":"https:\/\/tulibreando.com\/index.php\/product\/a-la-caza-del-principe-dracula\/","title":{"rendered":"A la caza del principe dracula"},"content":{"rendered":"<p>En la esperada secuela del best seller \u00abA la caza de Jack el Destripador\u00bb, se descubren extra\u00f1os asesinatos en el castillo del Pr\u00edncipe Vlad el Empalador, tambi\u00e9n conocido como Dr\u00e1cula. \u00bfPodr\u00eda ser un simple farsante quien est\u00e1 cometiendo los cr\u00edmenes&#8230; o el pr\u00edncipe ha vuelto a la vida? Tras el dolor y el horror que le ha causado descubrir la verdadera identidad de Jack el Destripador, Audrey Rose Wadsworth no tiene otra opci\u00f3n m\u00e1s que huir de Londres y de sus recuerdos junto con el arrogante y encantador Thomas Cresswell. Rose viaja al coraz\u00f3n oscuro de Rumania, hogar de una de las mejores escuelas de medicina forense de Europa&#8230; y de otro asesino de renombre: Vlad el Empalador, cuya sed de sangre se convirti\u00f3 en leyenda. Pero el sue\u00f1o de la vida de Rose, pronto se ve frustrado por los sangrientos descubrimientos en los pasillos del imponente castillo de la escuela, y se ve obligada a investigar asesinatos que le resultan extra\u00f1amente familiares. Quiz\u00e1s, lo que encuentre despierte sus temores m\u00e1s profundos.<\/p>\n","protected":false},"excerpt":{"rendered":"<p>En la esperada secuela del best seller \u00abA la caza de Jack el Destripador\u00bb, se descubren extra\u00f1os asesinatos en el castillo del Pr\u00edncipe Vlad el Empalador, tambi\u00e9n conocido como Dr\u00e1cula. \u00bfPodr\u00eda ser un simple farsante quien est\u00e1 cometiendo los cr\u00edmenes&#8230; o el pr\u00edncipe ha vuelto a la vida? Tras el dolor y el horror que [&hellip;]<\/p>\n","protected":false},"featured_media":2314,"comment_status":"open","ping_status":"closed","template":"","meta":{"_acf_changed":false,"product_autor":""},"product_cat":[45],"product_tag":[],"class_list":{"0":"post-2389","1":"product","2":"type-product","3":"status-publish","4":"has-post-thumbnail","6":"product_cat-literatura-y-novelas","8":"first","9":"instock","10":"virtual","11":"purchasable","12":"product-type-simple"},"acf":[],"_links":{"self":[{"href":"https:\/\/tulibreando.com\/index.php\/wp-json\/wp\/v2\/product\/2389"}],"collection":[{"href":"https:\/\/tulibreando.com\/index.php\/wp-json\/wp\/v2\/product"}],"about":[{"href":"https:\/\/tulibreando.com\/index.php\/wp-json\/wp\/v2\/types\/product"}],"replies":[{"embeddable":true,"href":"https:\/\/tulibreando.com\/index.php\/wp-json\/wp\/v2\/comments?post=2389"}],"wp:featuredmedia":[{"embeddable":true,"href":"https:\/\/tulibreando.com\/index.php\/wp-json\/wp\/v2\/media\/2314"}],"wp:attachment":[{"href":"https:\/\/tulibreando.com\/index.php\/wp-json\/wp\/v2\/media?parent=2389"}],"wp:term":[{"taxonomy":"product_cat","embeddable":true,"href":"https:\/\/tulibreando.com\/index.php\/wp-json\/wp\/v2\/product_cat?post=2389"},{"taxonomy":"product_tag","embeddable":true,"href":"https:\/\/tulibreando.com\/index.php\/wp-json\/wp\/v2\/product_tag?post=2389"}],"curies":[{"name":"wp","href":"https:\/\/api.w.org\/{rel}","templated":true}]}}