{"id":2387,"date":"2024-05-16T13:53:23","date_gmt":"2024-05-16T17:53:23","guid":{"rendered":"https:\/\/tulibreando.com\/?post_type=product&#038;p=2387"},"modified":"2024-06-06T15:17:43","modified_gmt":"2024-06-06T19:17:43","slug":"eramos-metirosos","status":"publish","type":"product","link":"https:\/\/tulibreando.com\/index.php\/product\/eramos-metirosos\/","title":{"rendered":"Eramos metirosos"},"content":{"rendered":"<p>\u00c9sta es la bell\u00edsima y terrible historia de una familia perfecta que se sostiene sobre pilares de peligrosa fragilidad. A lo largo del relato se van desvelando las piezas de un rompecabezas que formar\u00e1n un mosaico de personajes fascinante, donde los prejuicios y el ego\u00edsmo son los peores enemigos de la armon\u00eda y la felicidad.<\/p>\n","protected":false},"excerpt":{"rendered":"<p>\u00c9sta es la bell\u00edsima y terrible historia de una familia perfecta que se sostiene sobre pilares de peligrosa fragilidad. A lo largo del relato se van desvelando las piezas de un rompecabezas que formar\u00e1n un mosaico de personajes fascinante, donde los prejuicios y el ego\u00edsmo son los peores enemigos de la armon\u00eda y la felicidad.<\/p>\n","protected":false},"featured_media":2316,"comment_status":"open","ping_status":"closed","template":"","meta":{"_acf_changed":false,"product_autor":""},"product_cat":[45],"product_tag":[],"class_list":{"0":"post-2387","1":"product","2":"type-product","3":"status-publish","4":"has-post-thumbnail","6":"product_cat-literatura-y-novelas","8":"first","9":"instock","10":"virtual","11":"purchasable","12":"product-type-simple"},"acf":[],"_links":{"self":[{"href":"https:\/\/tulibreando.com\/index.php\/wp-json\/wp\/v2\/product\/2387"}],"collection":[{"href":"https:\/\/tulibreando.com\/index.php\/wp-json\/wp\/v2\/product"}],"about":[{"href":"https:\/\/tulibreando.com\/index.php\/wp-json\/wp\/v2\/types\/product"}],"replies":[{"embeddable":true,"href":"https:\/\/tulibreando.com\/index.php\/wp-json\/wp\/v2\/comments?post=2387"}],"wp:featuredmedia":[{"embeddable":true,"href":"https:\/\/tulibreando.com\/index.php\/wp-json\/wp\/v2\/media\/2316"}],"wp:attachment":[{"href":"https:\/\/tulibreando.com\/index.php\/wp-json\/wp\/v2\/media?parent=2387"}],"wp:term":[{"taxonomy":"product_cat","embeddable":true,"href":"https:\/\/tulibreando.com\/index.php\/wp-json\/wp\/v2\/product_cat?post=2387"},{"taxonomy":"product_tag","embeddable":true,"href":"https:\/\/tulibreando.com\/index.php\/wp-json\/wp\/v2\/product_tag?post=2387"}],"curies":[{"name":"wp","href":"https:\/\/api.w.org\/{rel}","templated":true}]}}