{"id":2386,"date":"2024-05-16T13:53:23","date_gmt":"2024-05-16T17:53:23","guid":{"rendered":"https:\/\/tulibreando.com\/?post_type=product&#038;p=2386"},"modified":"2024-06-06T15:17:42","modified_gmt":"2024-06-06T19:17:42","slug":"el-legado-del-mal","status":"publish","type":"product","link":"https:\/\/tulibreando.com\/index.php\/product\/el-legado-del-mal\/","title":{"rendered":"El legado del mal"},"content":{"rendered":"<p>Cristina es una joven estudiante de Psicolog\u00eda. Gracias a su don especial, se ver\u00e1 envuelta en esta investigaci\u00f3n sin precedentes para descubrir lo que se esconde tras los brutales asesinatos.<\/p>\n","protected":false},"excerpt":{"rendered":"<p>Cristina es una joven estudiante de Psicolog\u00eda. Gracias a su don especial, se ver\u00e1 envuelta en esta investigaci\u00f3n sin precedentes para descubrir lo que se esconde tras los brutales asesinatos.<\/p>\n","protected":false},"featured_media":2317,"comment_status":"open","ping_status":"closed","template":"","meta":{"_acf_changed":false,"product_autor":""},"product_cat":[45],"product_tag":[],"class_list":{"0":"post-2386","1":"product","2":"type-product","3":"status-publish","4":"has-post-thumbnail","6":"product_cat-literatura-y-novelas","8":"first","9":"instock","10":"virtual","11":"purchasable","12":"product-type-simple"},"acf":[],"_links":{"self":[{"href":"https:\/\/tulibreando.com\/index.php\/wp-json\/wp\/v2\/product\/2386"}],"collection":[{"href":"https:\/\/tulibreando.com\/index.php\/wp-json\/wp\/v2\/product"}],"about":[{"href":"https:\/\/tulibreando.com\/index.php\/wp-json\/wp\/v2\/types\/product"}],"replies":[{"embeddable":true,"href":"https:\/\/tulibreando.com\/index.php\/wp-json\/wp\/v2\/comments?post=2386"}],"wp:featuredmedia":[{"embeddable":true,"href":"https:\/\/tulibreando.com\/index.php\/wp-json\/wp\/v2\/media\/2317"}],"wp:attachment":[{"href":"https:\/\/tulibreando.com\/index.php\/wp-json\/wp\/v2\/media?parent=2386"}],"wp:term":[{"taxonomy":"product_cat","embeddable":true,"href":"https:\/\/tulibreando.com\/index.php\/wp-json\/wp\/v2\/product_cat?post=2386"},{"taxonomy":"product_tag","embeddable":true,"href":"https:\/\/tulibreando.com\/index.php\/wp-json\/wp\/v2\/product_tag?post=2386"}],"curies":[{"name":"wp","href":"https:\/\/api.w.org\/{rel}","templated":true}]}}