{"id":2374,"date":"2024-05-16T13:53:22","date_gmt":"2024-05-16T17:53:22","guid":{"rendered":"https:\/\/tulibreando.com\/?post_type=product&#038;p=2374"},"modified":"2024-06-06T15:17:41","modified_gmt":"2024-06-06T19:17:41","slug":"harry-potter-y-la-camara-secreta","status":"publish","type":"product","link":"https:\/\/tulibreando.com\/index.php\/product\/harry-potter-y-la-camara-secreta\/","title":{"rendered":"Harry potter y la camara secreta"},"content":{"rendered":"<p>El verano de Harry Potter ha incluido el peor cumplea\u00f1os de su vida, las funestas advertencias de un elfo dom\u00e9stico llamado Dobby y el rescate de casa de los Dursley protagonizado por su amigo Ron Weasley al volante de un coche m\u00e1gico volador. De vuelta en el Colegio Hogwarts de Magia y Hechicer\u00eda, donde va a empezar su segundo curso, Harry oye unos extra\u00f1os susurros que resuenan por los pasillos vac\u00edos. Y entonces empiezan los ataques y varios alumnos aparecen petrificados&#8230; Por lo visto, las siniestras predicciones de Dobby se est\u00e1n cumpliendo&#8230;<\/p>\n","protected":false},"excerpt":{"rendered":"<p>El verano de Harry Potter ha incluido el peor cumplea\u00f1os de su vida, las funestas advertencias de un elfo dom\u00e9stico llamado Dobby y el rescate de casa de los Dursley protagonizado por su amigo Ron Weasley al volante de un coche m\u00e1gico volador. De vuelta en el Colegio Hogwarts de Magia y Hechicer\u00eda, donde va [&hellip;]<\/p>\n","protected":false},"featured_media":2329,"comment_status":"open","ping_status":"closed","template":"","meta":{"_acf_changed":false,"product_autor":""},"product_cat":[46],"product_tag":[],"class_list":{"0":"post-2374","1":"product","2":"type-product","3":"status-publish","4":"has-post-thumbnail","6":"product_cat-para-peques-y-no-tan-peques","8":"first","9":"instock","10":"virtual","11":"purchasable","12":"product-type-simple"},"acf":[],"_links":{"self":[{"href":"https:\/\/tulibreando.com\/index.php\/wp-json\/wp\/v2\/product\/2374"}],"collection":[{"href":"https:\/\/tulibreando.com\/index.php\/wp-json\/wp\/v2\/product"}],"about":[{"href":"https:\/\/tulibreando.com\/index.php\/wp-json\/wp\/v2\/types\/product"}],"replies":[{"embeddable":true,"href":"https:\/\/tulibreando.com\/index.php\/wp-json\/wp\/v2\/comments?post=2374"}],"wp:featuredmedia":[{"embeddable":true,"href":"https:\/\/tulibreando.com\/index.php\/wp-json\/wp\/v2\/media\/2329"}],"wp:attachment":[{"href":"https:\/\/tulibreando.com\/index.php\/wp-json\/wp\/v2\/media?parent=2374"}],"wp:term":[{"taxonomy":"product_cat","embeddable":true,"href":"https:\/\/tulibreando.com\/index.php\/wp-json\/wp\/v2\/product_cat?post=2374"},{"taxonomy":"product_tag","embeddable":true,"href":"https:\/\/tulibreando.com\/index.php\/wp-json\/wp\/v2\/product_tag?post=2374"}],"curies":[{"name":"wp","href":"https:\/\/api.w.org\/{rel}","templated":true}]}}