{"id":2362,"date":"2024-05-16T13:53:21","date_gmt":"2024-05-16T17:53:21","guid":{"rendered":"https:\/\/tulibreando.com\/?post_type=product&#038;p=2362"},"modified":"2024-06-06T15:17:38","modified_gmt":"2024-06-06T19:17:38","slug":"a-la-caza-de-jack-el-destripador","status":"publish","type":"product","link":"https:\/\/tulibreando.com\/index.php\/product\/a-la-caza-de-jack-el-destripador\/","title":{"rendered":"A la caza de Jack el destripador"},"content":{"rendered":"<p>Esta deliciosa y espeluznante novela de terror tiene una trama inspirada en los asesinatos de Jack el Destripador y un final inesperado que te helar\u00e1 la sangre. Audrey Rose Wadsworth, de diecisiete a\u00f1os, naci\u00f3 como la hija de un Lord, con toda una vida de riqueza y privilegios por delante. Pero entre las fiestas de t\u00e9 y los vestidos de seda lleva una vida secreta prohibida.En contra de los deseos de su severo padre y las expectativas de la sociedad, Audrey se escapa frecuentemente al laboratorio de su t\u00edo para estudiar la espantosa pr\u00e1ctica de la medicina forense. Cuando su trabajo en una serie de cad\u00e1veres asesinados salvajemente la arrastra a la investigaci\u00f3n de un asesino serial, su b\u00fasqueda de respuestas la llevar\u00e1 muy cerca de su propio mundo protegido.<\/p>\n","protected":false},"excerpt":{"rendered":"<p>Esta deliciosa y espeluznante novela de terror tiene una trama inspirada en los asesinatos de Jack el Destripador y un final inesperado que te helar\u00e1 la sangre. Audrey Rose Wadsworth, de diecisiete a\u00f1os, naci\u00f3 como la hija de un Lord, con toda una vida de riqueza y privilegios por delante. Pero entre las fiestas de [&hellip;]<\/p>\n","protected":false},"featured_media":2342,"comment_status":"open","ping_status":"closed","template":"","meta":{"_acf_changed":false,"product_autor":""},"product_cat":[45],"product_tag":[],"class_list":{"0":"post-2362","1":"product","2":"type-product","3":"status-publish","4":"has-post-thumbnail","6":"product_cat-literatura-y-novelas","8":"first","9":"instock","10":"virtual","11":"purchasable","12":"product-type-simple"},"acf":[],"_links":{"self":[{"href":"https:\/\/tulibreando.com\/index.php\/wp-json\/wp\/v2\/product\/2362"}],"collection":[{"href":"https:\/\/tulibreando.com\/index.php\/wp-json\/wp\/v2\/product"}],"about":[{"href":"https:\/\/tulibreando.com\/index.php\/wp-json\/wp\/v2\/types\/product"}],"replies":[{"embeddable":true,"href":"https:\/\/tulibreando.com\/index.php\/wp-json\/wp\/v2\/comments?post=2362"}],"wp:featuredmedia":[{"embeddable":true,"href":"https:\/\/tulibreando.com\/index.php\/wp-json\/wp\/v2\/media\/2342"}],"wp:attachment":[{"href":"https:\/\/tulibreando.com\/index.php\/wp-json\/wp\/v2\/media?parent=2362"}],"wp:term":[{"taxonomy":"product_cat","embeddable":true,"href":"https:\/\/tulibreando.com\/index.php\/wp-json\/wp\/v2\/product_cat?post=2362"},{"taxonomy":"product_tag","embeddable":true,"href":"https:\/\/tulibreando.com\/index.php\/wp-json\/wp\/v2\/product_tag?post=2362"}],"curies":[{"name":"wp","href":"https:\/\/api.w.org\/{rel}","templated":true}]}}