{"id":2297,"date":"2024-05-15T20:51:27","date_gmt":"2024-05-16T00:51:27","guid":{"rendered":"https:\/\/tulibreando.com\/?post_type=product&#038;p=2297"},"modified":"2024-06-06T15:17:37","modified_gmt":"2024-06-06T19:17:37","slug":"el-priorato-del-naranjo","status":"publish","type":"product","link":"https:\/\/tulibreando.com\/index.php\/product\/el-priorato-del-naranjo\/","title":{"rendered":"El priorato del naranjo"},"content":{"rendered":"<p>La Casa de Berethnet ha gobernado Inys durante mil a\u00f1os. A\u00fan sin casar, la reina Sabran IX debe concebir una hija para proteger a su reino de la destrucci\u00f3n. Pero los asesinos cada vez est\u00e1n m\u00e1s cerca.<\/p>\n","protected":false},"excerpt":{"rendered":"<p>La Casa de Berethnet ha gobernado Inys durante mil a\u00f1os. A\u00fan sin casar, la reina Sabran IX debe concebir una hija para proteger a su reino de la destrucci\u00f3n. Pero los asesinos cada vez est\u00e1n m\u00e1s cerca.<\/p>\n","protected":false},"featured_media":2128,"comment_status":"open","ping_status":"closed","template":"","meta":{"_acf_changed":false,"product_autor":""},"product_cat":[45],"product_tag":[],"class_list":{"0":"post-2297","1":"product","2":"type-product","3":"status-publish","4":"has-post-thumbnail","6":"product_cat-literatura-y-novelas","8":"first","9":"instock","10":"virtual","11":"purchasable","12":"product-type-simple"},"acf":[],"_links":{"self":[{"href":"https:\/\/tulibreando.com\/index.php\/wp-json\/wp\/v2\/product\/2297"}],"collection":[{"href":"https:\/\/tulibreando.com\/index.php\/wp-json\/wp\/v2\/product"}],"about":[{"href":"https:\/\/tulibreando.com\/index.php\/wp-json\/wp\/v2\/types\/product"}],"replies":[{"embeddable":true,"href":"https:\/\/tulibreando.com\/index.php\/wp-json\/wp\/v2\/comments?post=2297"}],"wp:featuredmedia":[{"embeddable":true,"href":"https:\/\/tulibreando.com\/index.php\/wp-json\/wp\/v2\/media\/2128"}],"wp:attachment":[{"href":"https:\/\/tulibreando.com\/index.php\/wp-json\/wp\/v2\/media?parent=2297"}],"wp:term":[{"taxonomy":"product_cat","embeddable":true,"href":"https:\/\/tulibreando.com\/index.php\/wp-json\/wp\/v2\/product_cat?post=2297"},{"taxonomy":"product_tag","embeddable":true,"href":"https:\/\/tulibreando.com\/index.php\/wp-json\/wp\/v2\/product_tag?post=2297"}],"curies":[{"name":"wp","href":"https:\/\/api.w.org\/{rel}","templated":true}]}}