{"id":2295,"date":"2024-05-15T20:51:27","date_gmt":"2024-05-16T00:51:27","guid":{"rendered":"https:\/\/tulibreando.com\/?post_type=product&#038;p=2295"},"modified":"2024-06-06T15:17:37","modified_gmt":"2024-06-06T19:17:37","slug":"hamnet","status":"publish","type":"product","link":"https:\/\/tulibreando.com\/index.php\/product\/hamnet\/","title":{"rendered":"Hamnet"},"content":{"rendered":"<p>A\u00f1o 1596, Stratford-upon-Avon, Inglaterra. La vida de Agnes transcurre pl\u00e1cidamente junto a su marido y sus tres hijos. Ella cultiva plantas medicinales mientras William trabaja en Londres. El destino, sin embargo, les reservar\u00e1 un duro golpe cuando su hijo Hamnet, de once a\u00f1os, muera repentinamente tras contraer la peste. A ra\u00edz de esta tragedia, su padre crear\u00e1 uno de los grandes personajes de la literatura universal, de nombre casi id\u00e9ntico al de su hijo. Pero este libro no habla de famosos sucesos sino de algo \u00edntimo y olvidado: la vida de esta familia, y especialmente la de la mujer que la sosten\u00eda y que tuvo que cargar con una insoportable p\u00e9rdida.<\/p>\n","protected":false},"excerpt":{"rendered":"<p>A\u00f1o 1596, Stratford-upon-Avon, Inglaterra. La vida de Agnes transcurre pl\u00e1cidamente junto a su marido y sus tres hijos. Ella cultiva plantas medicinales mientras William trabaja en Londres. El destino, sin embargo, les reservar\u00e1 un duro golpe cuando su hijo Hamnet, de once a\u00f1os, muera repentinamente tras contraer la peste. A ra\u00edz de esta tragedia, su [&hellip;]<\/p>\n","protected":false},"featured_media":2132,"comment_status":"open","ping_status":"closed","template":"","meta":{"_acf_changed":false,"product_autor":""},"product_cat":[45],"product_tag":[],"class_list":{"0":"post-2295","1":"product","2":"type-product","3":"status-publish","4":"has-post-thumbnail","6":"product_cat-literatura-y-novelas","8":"first","9":"instock","10":"virtual","11":"purchasable","12":"product-type-simple"},"acf":[],"_links":{"self":[{"href":"https:\/\/tulibreando.com\/index.php\/wp-json\/wp\/v2\/product\/2295"}],"collection":[{"href":"https:\/\/tulibreando.com\/index.php\/wp-json\/wp\/v2\/product"}],"about":[{"href":"https:\/\/tulibreando.com\/index.php\/wp-json\/wp\/v2\/types\/product"}],"replies":[{"embeddable":true,"href":"https:\/\/tulibreando.com\/index.php\/wp-json\/wp\/v2\/comments?post=2295"}],"wp:featuredmedia":[{"embeddable":true,"href":"https:\/\/tulibreando.com\/index.php\/wp-json\/wp\/v2\/media\/2132"}],"wp:attachment":[{"href":"https:\/\/tulibreando.com\/index.php\/wp-json\/wp\/v2\/media?parent=2295"}],"wp:term":[{"taxonomy":"product_cat","embeddable":true,"href":"https:\/\/tulibreando.com\/index.php\/wp-json\/wp\/v2\/product_cat?post=2295"},{"taxonomy":"product_tag","embeddable":true,"href":"https:\/\/tulibreando.com\/index.php\/wp-json\/wp\/v2\/product_tag?post=2295"}],"curies":[{"name":"wp","href":"https:\/\/api.w.org\/{rel}","templated":true}]}}