{"id":2275,"date":"2024-05-15T20:51:22","date_gmt":"2024-05-16T00:51:22","guid":{"rendered":"https:\/\/tulibreando.com\/?post_type=product&#038;p=2275"},"modified":"2024-06-06T15:17:33","modified_gmt":"2024-06-06T19:17:33","slug":"la-joven-de-la-perla","status":"publish","type":"product","link":"https:\/\/tulibreando.com\/index.php\/product\/la-joven-de-la-perla\/","title":{"rendered":"La joven de la perla"},"content":{"rendered":"<p>A principios del siglo XVII la ciudad de Delft vio nacer y crecer a uno de los pintores m\u00e1s fascinantes y misteriosos de la historia. Poco se sabe de Vermeer, pero sus cuadros son hoy piezas \u00fanicas e inconfundibles, especialmente el retrato de su joven criada llamado \u00abLa joven de la perla\u00bb. Mezclando ficci\u00f3n y realidad Tracy Chevalier narra la historia detr\u00e1s del enigm\u00e1tico cuadro, una relaci\u00f3n prohibida que se mueve entre la admiraci\u00f3n y el amor.<\/p>\n","protected":false},"excerpt":{"rendered":"<p>A principios del siglo XVII la ciudad de Delft vio nacer y crecer a uno de los pintores m\u00e1s fascinantes y misteriosos de la historia. Poco se sabe de Vermeer, pero sus cuadros son hoy piezas \u00fanicas e inconfundibles, especialmente el retrato de su joven criada llamado \u00abLa joven de la perla\u00bb. Mezclando ficci\u00f3n y [&hellip;]<\/p>\n","protected":false},"featured_media":2153,"comment_status":"open","ping_status":"closed","template":"","meta":{"_acf_changed":false,"product_autor":""},"product_cat":[45],"product_tag":[],"class_list":{"0":"post-2275","1":"product","2":"type-product","3":"status-publish","4":"has-post-thumbnail","6":"product_cat-literatura-y-novelas","8":"first","9":"instock","10":"virtual","11":"purchasable","12":"product-type-simple"},"acf":[],"_links":{"self":[{"href":"https:\/\/tulibreando.com\/index.php\/wp-json\/wp\/v2\/product\/2275"}],"collection":[{"href":"https:\/\/tulibreando.com\/index.php\/wp-json\/wp\/v2\/product"}],"about":[{"href":"https:\/\/tulibreando.com\/index.php\/wp-json\/wp\/v2\/types\/product"}],"replies":[{"embeddable":true,"href":"https:\/\/tulibreando.com\/index.php\/wp-json\/wp\/v2\/comments?post=2275"}],"wp:featuredmedia":[{"embeddable":true,"href":"https:\/\/tulibreando.com\/index.php\/wp-json\/wp\/v2\/media\/2153"}],"wp:attachment":[{"href":"https:\/\/tulibreando.com\/index.php\/wp-json\/wp\/v2\/media?parent=2275"}],"wp:term":[{"taxonomy":"product_cat","embeddable":true,"href":"https:\/\/tulibreando.com\/index.php\/wp-json\/wp\/v2\/product_cat?post=2275"},{"taxonomy":"product_tag","embeddable":true,"href":"https:\/\/tulibreando.com\/index.php\/wp-json\/wp\/v2\/product_tag?post=2275"}],"curies":[{"name":"wp","href":"https:\/\/api.w.org\/{rel}","templated":true}]}}