{"id":2267,"date":"2024-05-15T20:51:22","date_gmt":"2024-05-16T00:51:22","guid":{"rendered":"https:\/\/tulibreando.com\/?post_type=product&#038;p=2267"},"modified":"2024-06-06T15:17:32","modified_gmt":"2024-06-06T19:17:32","slug":"el-poder-de-la-disciplina","status":"publish","type":"product","link":"https:\/\/tulibreando.com\/index.php\/product\/el-poder-de-la-disciplina\/","title":{"rendered":"El poder de la disciplina"},"content":{"rendered":"<p>Este libro, basado en la experiencia del autor, te revela el superpoder de los h\u00e1bitos. El autor explica c\u00f3mo la disciplina se convirti\u00f3 en su \u00fanica arma secreta para conseguir sus metas, explica an\u00e9cdotas y te proporciona una visi\u00f3n que cambiar\u00e1 tu mentalidad y comportamiento.<\/p>\n","protected":false},"excerpt":{"rendered":"<p>Este libro, basado en la experiencia del autor, te revela el superpoder de los h\u00e1bitos. El autor explica c\u00f3mo la disciplina se convirti\u00f3 en su \u00fanica arma secreta para conseguir sus metas, explica an\u00e9cdotas y te proporciona una visi\u00f3n que cambiar\u00e1 tu mentalidad y comportamiento.<\/p>\n","protected":false},"featured_media":2161,"comment_status":"open","ping_status":"closed","template":"","meta":{"_acf_changed":false,"product_autor":""},"product_cat":[39,36],"product_tag":[],"class_list":{"0":"post-2267","1":"product","2":"type-product","3":"status-publish","4":"has-post-thumbnail","6":"product_cat-crecimiento-personal","7":"product_cat-libros","9":"first","10":"instock","11":"virtual","12":"purchasable","13":"product-type-simple"},"acf":[],"_links":{"self":[{"href":"https:\/\/tulibreando.com\/index.php\/wp-json\/wp\/v2\/product\/2267"}],"collection":[{"href":"https:\/\/tulibreando.com\/index.php\/wp-json\/wp\/v2\/product"}],"about":[{"href":"https:\/\/tulibreando.com\/index.php\/wp-json\/wp\/v2\/types\/product"}],"replies":[{"embeddable":true,"href":"https:\/\/tulibreando.com\/index.php\/wp-json\/wp\/v2\/comments?post=2267"}],"wp:featuredmedia":[{"embeddable":true,"href":"https:\/\/tulibreando.com\/index.php\/wp-json\/wp\/v2\/media\/2161"}],"wp:attachment":[{"href":"https:\/\/tulibreando.com\/index.php\/wp-json\/wp\/v2\/media?parent=2267"}],"wp:term":[{"taxonomy":"product_cat","embeddable":true,"href":"https:\/\/tulibreando.com\/index.php\/wp-json\/wp\/v2\/product_cat?post=2267"},{"taxonomy":"product_tag","embeddable":true,"href":"https:\/\/tulibreando.com\/index.php\/wp-json\/wp\/v2\/product_tag?post=2267"}],"curies":[{"name":"wp","href":"https:\/\/api.w.org\/{rel}","templated":true}]}}