{"id":2262,"date":"2024-05-15T20:51:21","date_gmt":"2024-05-16T00:51:21","guid":{"rendered":"https:\/\/tulibreando.com\/?post_type=product&#038;p=2262"},"modified":"2024-06-06T15:17:31","modified_gmt":"2024-06-06T19:17:31","slug":"reina-roja","status":"publish","type":"product","link":"https:\/\/tulibreando.com\/index.php\/product\/reina-roja\/","title":{"rendered":"Reina roja"},"content":{"rendered":"<p>Reina roja&#8221; es un thriller, ambientado en la capital de Espa\u00f1a, de persecuciones, de buenos y malos, y nos plantea un dilema sobre la manipulaci\u00f3n. Antonia Scott es una mujer muy especial. Tiene un don que es al mismo tiempo una maldici\u00f3n: una extraordinaria inteligencia. Gracias a ella ha salvado decenas de vidas, pero tambi\u00e9n lo ha perdido todo. Hoy se parapeta contra el mundo en su piso casi vac\u00edo de Lavapi\u00e9s, del que no piensa volver a salir. Ya no queda nada ah\u00ed fuera que le interese lo m\u00e1s m\u00ednimo. El inspector Jon Guti\u00e9rrez est\u00e1 acusado de corrupci\u00f3n, suspendido de empleo y sueldo. Es un buen polic\u00eda metido en un asunto muy feo, y ya no tiene mucho que perder. Por eso acepta la propuesta de un misterioso desconocido: ir a buscar a Antonia y sacarla de su encierro, conseguir que vuelva a hacer lo que fuera que hiciera antes, y el desconocido le ayudar\u00e1 a limpiar su nombre. Un encargo extra\u00f1o aunque aparentemente f\u00e1cil. Pero Jon se dar\u00e1 cuenta en seguida de que con Antonia nada es f\u00e1cil.<\/p>\n","protected":false},"excerpt":{"rendered":"<p>Reina roja&#8221; es un thriller, ambientado en la capital de Espa\u00f1a, de persecuciones, de buenos y malos, y nos plantea un dilema sobre la manipulaci\u00f3n. Antonia Scott es una mujer muy especial. Tiene un don que es al mismo tiempo una maldici\u00f3n: una extraordinaria inteligencia. Gracias a ella ha salvado decenas de vidas, pero tambi\u00e9n [&hellip;]<\/p>\n","protected":false},"featured_media":2167,"comment_status":"open","ping_status":"closed","template":"","meta":{"_acf_changed":false,"product_autor":""},"product_cat":[45],"product_tag":[],"class_list":{"0":"post-2262","1":"product","2":"type-product","3":"status-publish","4":"has-post-thumbnail","6":"product_cat-literatura-y-novelas","8":"first","9":"instock","10":"virtual","11":"purchasable","12":"product-type-simple"},"acf":[],"_links":{"self":[{"href":"https:\/\/tulibreando.com\/index.php\/wp-json\/wp\/v2\/product\/2262"}],"collection":[{"href":"https:\/\/tulibreando.com\/index.php\/wp-json\/wp\/v2\/product"}],"about":[{"href":"https:\/\/tulibreando.com\/index.php\/wp-json\/wp\/v2\/types\/product"}],"replies":[{"embeddable":true,"href":"https:\/\/tulibreando.com\/index.php\/wp-json\/wp\/v2\/comments?post=2262"}],"wp:featuredmedia":[{"embeddable":true,"href":"https:\/\/tulibreando.com\/index.php\/wp-json\/wp\/v2\/media\/2167"}],"wp:attachment":[{"href":"https:\/\/tulibreando.com\/index.php\/wp-json\/wp\/v2\/media?parent=2262"}],"wp:term":[{"taxonomy":"product_cat","embeddable":true,"href":"https:\/\/tulibreando.com\/index.php\/wp-json\/wp\/v2\/product_cat?post=2262"},{"taxonomy":"product_tag","embeddable":true,"href":"https:\/\/tulibreando.com\/index.php\/wp-json\/wp\/v2\/product_tag?post=2262"}],"curies":[{"name":"wp","href":"https:\/\/api.w.org\/{rel}","templated":true}]}}