{"id":2259,"date":"2024-05-15T20:51:21","date_gmt":"2024-05-16T00:51:21","guid":{"rendered":"https:\/\/tulibreando.com\/?post_type=product&#038;p=2259"},"modified":"2024-06-06T15:17:30","modified_gmt":"2024-06-06T19:17:30","slug":"el-poder-de-confiar-en-ti-mismo","status":"publish","type":"product","link":"https:\/\/tulibreando.com\/index.php\/product\/el-poder-de-confiar-en-ti-mismo\/","title":{"rendered":"El poder de confiar en ti  mismo"},"content":{"rendered":"<p>Tu nivel de autoconfianza determina el tama\u00f1o de las metas que te propones, la energ\u00eda y la determinaci\u00f3n con la que te enfocas en alcanzarlas, y tu persistencia para sobrepasar cualquier obst\u00e1culo. Este poderoso y pr\u00e1ctico libro est\u00e1 basado en el trabajo del autor con m\u00e1s de 5 millones de ejecutivos, empresarios, profesionales en ventas, y con personas que ambicionan desarrollar autoconfianza en todas las \u00e1reas.<\/p>\n","protected":false},"excerpt":{"rendered":"<p>Tu nivel de autoconfianza determina el tama\u00f1o de las metas que te propones, la energ\u00eda y la determinaci\u00f3n con la que te enfocas en alcanzarlas, y tu persistencia para sobrepasar cualquier obst\u00e1culo. Este poderoso y pr\u00e1ctico libro est\u00e1 basado en el trabajo del autor con m\u00e1s de 5 millones de ejecutivos, empresarios, profesionales en ventas, [&hellip;]<\/p>\n","protected":false},"featured_media":2170,"comment_status":"open","ping_status":"closed","template":"","meta":{"_acf_changed":false,"product_autor":""},"product_cat":[39,36],"product_tag":[],"class_list":{"0":"post-2259","1":"product","2":"type-product","3":"status-publish","4":"has-post-thumbnail","6":"product_cat-crecimiento-personal","7":"product_cat-libros","9":"first","10":"instock","11":"virtual","12":"purchasable","13":"product-type-simple"},"acf":[],"_links":{"self":[{"href":"https:\/\/tulibreando.com\/index.php\/wp-json\/wp\/v2\/product\/2259"}],"collection":[{"href":"https:\/\/tulibreando.com\/index.php\/wp-json\/wp\/v2\/product"}],"about":[{"href":"https:\/\/tulibreando.com\/index.php\/wp-json\/wp\/v2\/types\/product"}],"replies":[{"embeddable":true,"href":"https:\/\/tulibreando.com\/index.php\/wp-json\/wp\/v2\/comments?post=2259"}],"wp:featuredmedia":[{"embeddable":true,"href":"https:\/\/tulibreando.com\/index.php\/wp-json\/wp\/v2\/media\/2170"}],"wp:attachment":[{"href":"https:\/\/tulibreando.com\/index.php\/wp-json\/wp\/v2\/media?parent=2259"}],"wp:term":[{"taxonomy":"product_cat","embeddable":true,"href":"https:\/\/tulibreando.com\/index.php\/wp-json\/wp\/v2\/product_cat?post=2259"},{"taxonomy":"product_tag","embeddable":true,"href":"https:\/\/tulibreando.com\/index.php\/wp-json\/wp\/v2\/product_tag?post=2259"}],"curies":[{"name":"wp","href":"https:\/\/api.w.org\/{rel}","templated":true}]}}