{"id":2257,"date":"2024-05-15T20:51:21","date_gmt":"2024-05-16T00:51:21","guid":{"rendered":"https:\/\/tulibreando.com\/?post_type=product&#038;p=2257"},"modified":"2024-06-06T15:17:30","modified_gmt":"2024-06-06T19:17:30","slug":"el-huesped","status":"publish","type":"product","link":"https:\/\/tulibreando.com\/index.php\/product\/el-huesped\/","title":{"rendered":"El huesped"},"content":{"rendered":"<p>Una de las historias m\u00e1s exitosas de Wattpad con millones de lectores: una historia altamente adictiva. Tener un hu\u00e9sped en casa nunca hab\u00eda despertado tantas emociones y&#8230; pasiones. \u00abPor un momento pens\u00e9 que tener a un chico sexy en casa ser\u00eda una buena historia para contar, pero eso fue antes de que me diera cuenta de su actitud arrogante. Not\u00e9 su prepotencia desde que lleg\u00f3, sab\u00eda que \u00e9l no quer\u00eda quedarse en nuestra casa. De hecho, la misma noche en que lleg\u00f3 le dije a mi madre que me incomodaba su presencia, que no me inspiraba confianza. Y lo mismo con mi padre, pero ninguno de los dos me hizo ning\u00fan caso. \u00bfQu\u00e9 hab\u00eda venido a hacer aquel intruso a mi casa? Y lo peor de todo&#8230; \u00bfpor qu\u00e9 me resultaba tan irresistiblemente atractivo?\u00bb<\/p>\n","protected":false},"excerpt":{"rendered":"<p>Una de las historias m\u00e1s exitosas de Wattpad con millones de lectores: una historia altamente adictiva. Tener un hu\u00e9sped en casa nunca hab\u00eda despertado tantas emociones y&#8230; pasiones. \u00abPor un momento pens\u00e9 que tener a un chico sexy en casa ser\u00eda una buena historia para contar, pero eso fue antes de que me diera cuenta [&hellip;]<\/p>\n","protected":false},"featured_media":2172,"comment_status":"open","ping_status":"closed","template":"","meta":{"_acf_changed":false,"product_autor":""},"product_cat":[45],"product_tag":[],"class_list":{"0":"post-2257","1":"product","2":"type-product","3":"status-publish","4":"has-post-thumbnail","6":"product_cat-literatura-y-novelas","8":"first","9":"instock","10":"virtual","11":"purchasable","12":"product-type-simple"},"acf":[],"_links":{"self":[{"href":"https:\/\/tulibreando.com\/index.php\/wp-json\/wp\/v2\/product\/2257"}],"collection":[{"href":"https:\/\/tulibreando.com\/index.php\/wp-json\/wp\/v2\/product"}],"about":[{"href":"https:\/\/tulibreando.com\/index.php\/wp-json\/wp\/v2\/types\/product"}],"replies":[{"embeddable":true,"href":"https:\/\/tulibreando.com\/index.php\/wp-json\/wp\/v2\/comments?post=2257"}],"wp:featuredmedia":[{"embeddable":true,"href":"https:\/\/tulibreando.com\/index.php\/wp-json\/wp\/v2\/media\/2172"}],"wp:attachment":[{"href":"https:\/\/tulibreando.com\/index.php\/wp-json\/wp\/v2\/media?parent=2257"}],"wp:term":[{"taxonomy":"product_cat","embeddable":true,"href":"https:\/\/tulibreando.com\/index.php\/wp-json\/wp\/v2\/product_cat?post=2257"},{"taxonomy":"product_tag","embeddable":true,"href":"https:\/\/tulibreando.com\/index.php\/wp-json\/wp\/v2\/product_tag?post=2257"}],"curies":[{"name":"wp","href":"https:\/\/api.w.org\/{rel}","templated":true}]}}