{"id":2255,"date":"2024-05-15T20:51:21","date_gmt":"2024-05-16T00:51:21","guid":{"rendered":"https:\/\/tulibreando.com\/?post_type=product&#038;p=2255"},"modified":"2024-06-06T15:17:30","modified_gmt":"2024-06-06T19:17:30","slug":"una-reina-de-ladrones-y-caos","status":"publish","type":"product","link":"https:\/\/tulibreando.com\/index.php\/product\/una-reina-de-ladrones-y-caos\/","title":{"rendered":"Una reina de ladrones y caos"},"content":{"rendered":"<p>No hay ninguna reina&#8230; Ning\u00fan Destino&#8230; Ni ning\u00fan ej\u00e9rcito que pueda alejarme de ti. Un rey exiliado. Un rey que usurpa el trono de su hermano. Una reina para unirlos a todos. Una guerra a punto de estallar. Un destino inamovible. Las puertas del Ninfeo se han abierto. Ya no hay vuelta atr\u00e1s. La profec\u00eda est\u00e1 en marcha.<\/p>\n","protected":false},"excerpt":{"rendered":"<p>No hay ninguna reina&#8230; Ning\u00fan Destino&#8230; Ni ning\u00fan ej\u00e9rcito que pueda alejarme de ti. Un rey exiliado. Un rey que usurpa el trono de su hermano. Una reina para unirlos a todos. Una guerra a punto de estallar. Un destino inamovible. Las puertas del Ninfeo se han abierto. Ya no hay vuelta atr\u00e1s. La profec\u00eda [&hellip;]<\/p>\n","protected":false},"featured_media":2174,"comment_status":"open","ping_status":"closed","template":"","meta":{"_acf_changed":false,"product_autor":""},"product_cat":[45],"product_tag":[],"class_list":{"0":"post-2255","1":"product","2":"type-product","3":"status-publish","4":"has-post-thumbnail","6":"product_cat-literatura-y-novelas","8":"first","9":"instock","10":"virtual","11":"purchasable","12":"product-type-simple"},"acf":[],"_links":{"self":[{"href":"https:\/\/tulibreando.com\/index.php\/wp-json\/wp\/v2\/product\/2255"}],"collection":[{"href":"https:\/\/tulibreando.com\/index.php\/wp-json\/wp\/v2\/product"}],"about":[{"href":"https:\/\/tulibreando.com\/index.php\/wp-json\/wp\/v2\/types\/product"}],"replies":[{"embeddable":true,"href":"https:\/\/tulibreando.com\/index.php\/wp-json\/wp\/v2\/comments?post=2255"}],"wp:featuredmedia":[{"embeddable":true,"href":"https:\/\/tulibreando.com\/index.php\/wp-json\/wp\/v2\/media\/2174"}],"wp:attachment":[{"href":"https:\/\/tulibreando.com\/index.php\/wp-json\/wp\/v2\/media?parent=2255"}],"wp:term":[{"taxonomy":"product_cat","embeddable":true,"href":"https:\/\/tulibreando.com\/index.php\/wp-json\/wp\/v2\/product_cat?post=2255"},{"taxonomy":"product_tag","embeddable":true,"href":"https:\/\/tulibreando.com\/index.php\/wp-json\/wp\/v2\/product_tag?post=2255"}],"curies":[{"name":"wp","href":"https:\/\/api.w.org\/{rel}","templated":true}]}}