{"id":2247,"date":"2024-05-15T20:51:20","date_gmt":"2024-05-16T00:51:20","guid":{"rendered":"https:\/\/tulibreando.com\/?post_type=product&#038;p=2247"},"modified":"2024-06-06T15:17:27","modified_gmt":"2024-06-06T19:17:27","slug":"mala-bruja-nunca-muere","status":"publish","type":"product","link":"https:\/\/tulibreando.com\/index.php\/product\/mala-bruja-nunca-muere\/","title":{"rendered":"Mala bruja nunca muere"},"content":{"rendered":"<p>Es f\u00e1cil borrar las huellas de quienes nunca han sido alguien. Hace un a\u00f1o que la hermana de Nova muri\u00f3 durante una invocaci\u00f3n prohibida de su aquelarre. O desapareci\u00f3. Depende de a qui\u00e9n se le pregunte. Ahora Nova solo busca la verdad# si es que el abismo de traiciones, amistad, amor y misterio que se abre ante ella no se la traga antes. El problema es: \u00bfde qui\u00e9n puede fiarse?<\/p>\n","protected":false},"excerpt":{"rendered":"<p>Es f\u00e1cil borrar las huellas de quienes nunca han sido alguien. Hace un a\u00f1o que la hermana de Nova muri\u00f3 durante una invocaci\u00f3n prohibida de su aquelarre. O desapareci\u00f3. Depende de a qui\u00e9n se le pregunte. Ahora Nova solo busca la verdad# si es que el abismo de traiciones, amistad, amor y misterio que se [&hellip;]<\/p>\n","protected":false},"featured_media":2182,"comment_status":"open","ping_status":"closed","template":"","meta":{"_acf_changed":false,"product_autor":""},"product_cat":[45],"product_tag":[],"class_list":{"0":"post-2247","1":"product","2":"type-product","3":"status-publish","4":"has-post-thumbnail","6":"product_cat-literatura-y-novelas","8":"first","9":"instock","10":"virtual","11":"purchasable","12":"product-type-simple"},"acf":[],"_links":{"self":[{"href":"https:\/\/tulibreando.com\/index.php\/wp-json\/wp\/v2\/product\/2247"}],"collection":[{"href":"https:\/\/tulibreando.com\/index.php\/wp-json\/wp\/v2\/product"}],"about":[{"href":"https:\/\/tulibreando.com\/index.php\/wp-json\/wp\/v2\/types\/product"}],"replies":[{"embeddable":true,"href":"https:\/\/tulibreando.com\/index.php\/wp-json\/wp\/v2\/comments?post=2247"}],"wp:featuredmedia":[{"embeddable":true,"href":"https:\/\/tulibreando.com\/index.php\/wp-json\/wp\/v2\/media\/2182"}],"wp:attachment":[{"href":"https:\/\/tulibreando.com\/index.php\/wp-json\/wp\/v2\/media?parent=2247"}],"wp:term":[{"taxonomy":"product_cat","embeddable":true,"href":"https:\/\/tulibreando.com\/index.php\/wp-json\/wp\/v2\/product_cat?post=2247"},{"taxonomy":"product_tag","embeddable":true,"href":"https:\/\/tulibreando.com\/index.php\/wp-json\/wp\/v2\/product_tag?post=2247"}],"curies":[{"name":"wp","href":"https:\/\/api.w.org\/{rel}","templated":true}]}}