{"id":2246,"date":"2024-05-15T20:51:20","date_gmt":"2024-05-16T00:51:20","guid":{"rendered":"https:\/\/tulibreando.com\/?post_type=product&#038;p=2246"},"modified":"2024-06-06T15:17:26","modified_gmt":"2024-06-06T19:17:26","slug":"el-ego-es-tu-enemigo","status":"publish","type":"product","link":"https:\/\/tulibreando.com\/index.php\/product\/el-ego-es-tu-enemigo\/","title":{"rendered":"El ego es tu enemigo"},"content":{"rendered":"<p>Ha hundido las carreras de j\u00f3venes prometedores. Ha arruinado grandes fortunas y ha condenado a empresas a la quiebra. Ha convertido la adversidad en algo insoportable y todo esfuerzo en humillaci\u00f3n. Si logramos alcanzar el \u00e9xito, nos cegar\u00e1 ante nuestros errores; y si lo que nos llega es el fracaso, lo encararemos emocionalmente rotos. El ego es casi siempre nuestro peor enemigo.<\/p>\n","protected":false},"excerpt":{"rendered":"<p>Ha hundido las carreras de j\u00f3venes prometedores. Ha arruinado grandes fortunas y ha condenado a empresas a la quiebra. Ha convertido la adversidad en algo insoportable y todo esfuerzo en humillaci\u00f3n. Si logramos alcanzar el \u00e9xito, nos cegar\u00e1 ante nuestros errores; y si lo que nos llega es el fracaso, lo encararemos emocionalmente rotos. El [&hellip;]<\/p>\n","protected":false},"featured_media":2183,"comment_status":"open","ping_status":"closed","template":"","meta":{"_acf_changed":false,"product_autor":""},"product_cat":[39,36],"product_tag":[],"class_list":{"0":"post-2246","1":"product","2":"type-product","3":"status-publish","4":"has-post-thumbnail","6":"product_cat-crecimiento-personal","7":"product_cat-libros","9":"first","10":"instock","11":"virtual","12":"purchasable","13":"product-type-simple"},"acf":[],"_links":{"self":[{"href":"https:\/\/tulibreando.com\/index.php\/wp-json\/wp\/v2\/product\/2246"}],"collection":[{"href":"https:\/\/tulibreando.com\/index.php\/wp-json\/wp\/v2\/product"}],"about":[{"href":"https:\/\/tulibreando.com\/index.php\/wp-json\/wp\/v2\/types\/product"}],"replies":[{"embeddable":true,"href":"https:\/\/tulibreando.com\/index.php\/wp-json\/wp\/v2\/comments?post=2246"}],"wp:featuredmedia":[{"embeddable":true,"href":"https:\/\/tulibreando.com\/index.php\/wp-json\/wp\/v2\/media\/2183"}],"wp:attachment":[{"href":"https:\/\/tulibreando.com\/index.php\/wp-json\/wp\/v2\/media?parent=2246"}],"wp:term":[{"taxonomy":"product_cat","embeddable":true,"href":"https:\/\/tulibreando.com\/index.php\/wp-json\/wp\/v2\/product_cat?post=2246"},{"taxonomy":"product_tag","embeddable":true,"href":"https:\/\/tulibreando.com\/index.php\/wp-json\/wp\/v2\/product_tag?post=2246"}],"curies":[{"name":"wp","href":"https:\/\/api.w.org\/{rel}","templated":true}]}}