{"id":2243,"date":"2024-05-15T20:51:17","date_gmt":"2024-05-16T00:51:17","guid":{"rendered":"https:\/\/tulibreando.com\/?post_type=product&#038;p=2243"},"modified":"2024-06-06T15:17:26","modified_gmt":"2024-06-06T19:17:26","slug":"nosotros-en-la-luna-2","status":"publish","type":"product","link":"https:\/\/tulibreando.com\/index.php\/product\/nosotros-en-la-luna-2\/","title":{"rendered":"Nosotros en la luna"},"content":{"rendered":"<p>Cuando Rhys y Ginger se conocen en las calles de la ciudad de la luz, no imaginan que sus vidas se unir\u00e1n para siempre, a pesar de la distancia y de que no puedan ser m\u00e1s diferentes. Ella vive en Londres y a veces se siente tan perdida que se ha olvidado hasta de sus propios sue\u00f1os. \u00c9l es incapaz de quedarse quieto en ning\u00fan lugar y cree saber qui\u00e9n es. Y cada noche su amistad crece entre emails llenos de confidencias, dudas e inquietudes. Pero \u00bfqu\u00e9 ocurre cuando el paso del tiempo pone a prueba su relaci\u00f3n? \u00bfEs posible colgarse de la luna junto a otra persona sin poner en riesgo el coraz\u00f3n?<\/p>\n","protected":false},"excerpt":{"rendered":"<p>Cuando Rhys y Ginger se conocen en las calles de la ciudad de la luz, no imaginan que sus vidas se unir\u00e1n para siempre, a pesar de la distancia y de que no puedan ser m\u00e1s diferentes. Ella vive en Londres y a veces se siente tan perdida que se ha olvidado hasta de sus [&hellip;]<\/p>\n","protected":false},"featured_media":2187,"comment_status":"open","ping_status":"closed","template":"","meta":{"_acf_changed":false,"product_autor":""},"product_cat":[45],"product_tag":[],"class_list":{"0":"post-2243","1":"product","2":"type-product","3":"status-publish","4":"has-post-thumbnail","6":"product_cat-literatura-y-novelas","8":"first","9":"instock","10":"virtual","11":"purchasable","12":"product-type-simple"},"acf":[],"_links":{"self":[{"href":"https:\/\/tulibreando.com\/index.php\/wp-json\/wp\/v2\/product\/2243"}],"collection":[{"href":"https:\/\/tulibreando.com\/index.php\/wp-json\/wp\/v2\/product"}],"about":[{"href":"https:\/\/tulibreando.com\/index.php\/wp-json\/wp\/v2\/types\/product"}],"replies":[{"embeddable":true,"href":"https:\/\/tulibreando.com\/index.php\/wp-json\/wp\/v2\/comments?post=2243"}],"wp:featuredmedia":[{"embeddable":true,"href":"https:\/\/tulibreando.com\/index.php\/wp-json\/wp\/v2\/media\/2187"}],"wp:attachment":[{"href":"https:\/\/tulibreando.com\/index.php\/wp-json\/wp\/v2\/media?parent=2243"}],"wp:term":[{"taxonomy":"product_cat","embeddable":true,"href":"https:\/\/tulibreando.com\/index.php\/wp-json\/wp\/v2\/product_cat?post=2243"},{"taxonomy":"product_tag","embeddable":true,"href":"https:\/\/tulibreando.com\/index.php\/wp-json\/wp\/v2\/product_tag?post=2243"}],"curies":[{"name":"wp","href":"https:\/\/api.w.org\/{rel}","templated":true}]}}