{"id":2241,"date":"2024-05-15T20:51:17","date_gmt":"2024-05-16T00:51:17","guid":{"rendered":"https:\/\/tulibreando.com\/?post_type=product&#038;p=2241"},"modified":"2024-06-06T15:17:26","modified_gmt":"2024-06-06T19:17:26","slug":"la-casa-al-final-de-needless-street","status":"publish","type":"product","link":"https:\/\/tulibreando.com\/index.php\/product\/la-casa-al-final-de-needless-street\/","title":{"rendered":"La casa al final de needless street"},"content":{"rendered":"<p>La casa al final de Needless Street es la historia de una ni\u00f1a que desapareci\u00f3 once a\u00f1os atr\u00e1s en una excursi\u00f3n a un lago. De su hermana, Dee, una mujer vulnerable que sigue busc\u00e1ndola y rastreando a los sospechosos, despu\u00e9s de que la tragedia destruyera a su familia. De Ted, que siempre fue un muchacho extra\u00f1o y podr\u00eda haber sido responsable de la desaparici\u00f3n de la ni\u00f1a. Ted vive ahora aislado con su hija y una gata en una casa decr\u00e9pita y ha tapiado todas las ventanas, por las que solo penetran fragmentos de luz. Ted conoce muy bien el bosque que hay junto a su casa. All\u00ed ha buscado refugio muchas veces y est\u00e1 enterrada parte de su pasado.<\/p>\n","protected":false},"excerpt":{"rendered":"<p>La casa al final de Needless Street es la historia de una ni\u00f1a que desapareci\u00f3 once a\u00f1os atr\u00e1s en una excursi\u00f3n a un lago. De su hermana, Dee, una mujer vulnerable que sigue busc\u00e1ndola y rastreando a los sospechosos, despu\u00e9s de que la tragedia destruyera a su familia. De Ted, que siempre fue un muchacho [&hellip;]<\/p>\n","protected":false},"featured_media":2189,"comment_status":"open","ping_status":"closed","template":"","meta":{"_acf_changed":false,"product_autor":""},"product_cat":[45],"product_tag":[],"class_list":{"0":"post-2241","1":"product","2":"type-product","3":"status-publish","4":"has-post-thumbnail","6":"product_cat-literatura-y-novelas","8":"first","9":"instock","10":"virtual","11":"purchasable","12":"product-type-simple"},"acf":[],"_links":{"self":[{"href":"https:\/\/tulibreando.com\/index.php\/wp-json\/wp\/v2\/product\/2241"}],"collection":[{"href":"https:\/\/tulibreando.com\/index.php\/wp-json\/wp\/v2\/product"}],"about":[{"href":"https:\/\/tulibreando.com\/index.php\/wp-json\/wp\/v2\/types\/product"}],"replies":[{"embeddable":true,"href":"https:\/\/tulibreando.com\/index.php\/wp-json\/wp\/v2\/comments?post=2241"}],"wp:featuredmedia":[{"embeddable":true,"href":"https:\/\/tulibreando.com\/index.php\/wp-json\/wp\/v2\/media\/2189"}],"wp:attachment":[{"href":"https:\/\/tulibreando.com\/index.php\/wp-json\/wp\/v2\/media?parent=2241"}],"wp:term":[{"taxonomy":"product_cat","embeddable":true,"href":"https:\/\/tulibreando.com\/index.php\/wp-json\/wp\/v2\/product_cat?post=2241"},{"taxonomy":"product_tag","embeddable":true,"href":"https:\/\/tulibreando.com\/index.php\/wp-json\/wp\/v2\/product_tag?post=2241"}],"curies":[{"name":"wp","href":"https:\/\/api.w.org\/{rel}","templated":true}]}}