{"id":2239,"date":"2024-05-15T20:51:17","date_gmt":"2024-05-16T00:51:17","guid":{"rendered":"https:\/\/tulibreando.com\/?post_type=product&#038;p=2239"},"modified":"2024-06-06T15:17:25","modified_gmt":"2024-06-06T19:17:25","slug":"lugares-que-mantuvimos-en-secreto","status":"publish","type":"product","link":"https:\/\/tulibreando.com\/index.php\/product\/lugares-que-mantuvimos-en-secreto\/","title":{"rendered":"Lugares que mantuvimos en secreto"},"content":{"rendered":"<p>Cuando, por un impulso, acaba comprando un billete solo de ida a la otra parte del mundo para volver al pueblo en el que vivi\u00f3 cuando era ni\u00f1a, lo que menos esperaba era reencontrarse all\u00ed con el que fue su mejor amigo de la infancia.<\/p>\n","protected":false},"excerpt":{"rendered":"<p>Cuando, por un impulso, acaba comprando un billete solo de ida a la otra parte del mundo para volver al pueblo en el que vivi\u00f3 cuando era ni\u00f1a, lo que menos esperaba era reencontrarse all\u00ed con el que fue su mejor amigo de la infancia.<\/p>\n","protected":false},"featured_media":2191,"comment_status":"open","ping_status":"closed","template":"","meta":{"_acf_changed":false,"product_autor":""},"product_cat":[45],"product_tag":[],"class_list":{"0":"post-2239","1":"product","2":"type-product","3":"status-publish","4":"has-post-thumbnail","6":"product_cat-literatura-y-novelas","8":"first","9":"instock","10":"virtual","11":"purchasable","12":"product-type-simple"},"acf":[],"_links":{"self":[{"href":"https:\/\/tulibreando.com\/index.php\/wp-json\/wp\/v2\/product\/2239"}],"collection":[{"href":"https:\/\/tulibreando.com\/index.php\/wp-json\/wp\/v2\/product"}],"about":[{"href":"https:\/\/tulibreando.com\/index.php\/wp-json\/wp\/v2\/types\/product"}],"replies":[{"embeddable":true,"href":"https:\/\/tulibreando.com\/index.php\/wp-json\/wp\/v2\/comments?post=2239"}],"wp:featuredmedia":[{"embeddable":true,"href":"https:\/\/tulibreando.com\/index.php\/wp-json\/wp\/v2\/media\/2191"}],"wp:attachment":[{"href":"https:\/\/tulibreando.com\/index.php\/wp-json\/wp\/v2\/media?parent=2239"}],"wp:term":[{"taxonomy":"product_cat","embeddable":true,"href":"https:\/\/tulibreando.com\/index.php\/wp-json\/wp\/v2\/product_cat?post=2239"},{"taxonomy":"product_tag","embeddable":true,"href":"https:\/\/tulibreando.com\/index.php\/wp-json\/wp\/v2\/product_tag?post=2239"}],"curies":[{"name":"wp","href":"https:\/\/api.w.org\/{rel}","templated":true}]}}