{"id":1977,"date":"2024-04-27T10:32:37","date_gmt":"2024-04-27T14:32:37","guid":{"rendered":"https:\/\/tulibreando.com\/?post_type=product&#038;p=1977"},"modified":"2024-06-10T12:39:30","modified_gmt":"2024-06-10T16:39:30","slug":"el-mapa-de-los-anhelos","status":"publish","type":"product","link":"https:\/\/tulibreando.com\/index.php\/product\/el-mapa-de-los-anhelos\/","title":{"rendered":"El mapa de los anhelos"},"content":{"rendered":"<p>Grace Peterson, una chica que siempre se ha sentido invisible y nunca ha salido de Nebraska, colecciona palabras y observa los d\u00edas pasar en la monoton\u00eda. Sin embargo, su vida da un giro cuando llega a sus manos el juego de El mapa de los anhelos. Siguiendo las instrucciones, Grace debe encontrar a alguien llamado Will Tucker, un desconocido con el que est\u00e1 a punto de embarcarse en un viaje directo al coraz\u00f3n. Este viaje est\u00e1 lleno de vulnerabilidades, sue\u00f1os olvidados, anhelos y afectos inesperados.<\/p>\n","protected":false},"excerpt":{"rendered":"<p>Grace Peterson, una chica que siempre se ha sentido invisible y nunca ha salido de Nebraska, colecciona palabras y observa los d\u00edas pasar en la monoton\u00eda. Sin embargo, su vida da un giro cuando llega a sus manos el juego de El mapa de los anhelos. Siguiendo las instrucciones, Grace debe encontrar a alguien llamado [&hellip;]<\/p>\n","protected":false},"featured_media":1953,"comment_status":"open","ping_status":"closed","template":"","meta":{"_acf_changed":false,"product_autor":""},"product_cat":[50,45],"product_tag":[],"class_list":{"0":"post-1977","1":"product","2":"type-product","3":"status-publish","4":"has-post-thumbnail","6":"product_cat-destacados","7":"product_cat-literatura-y-novelas","9":"first","10":"instock","11":"virtual","12":"purchasable","13":"product-type-simple"},"acf":[],"_links":{"self":[{"href":"https:\/\/tulibreando.com\/index.php\/wp-json\/wp\/v2\/product\/1977"}],"collection":[{"href":"https:\/\/tulibreando.com\/index.php\/wp-json\/wp\/v2\/product"}],"about":[{"href":"https:\/\/tulibreando.com\/index.php\/wp-json\/wp\/v2\/types\/product"}],"replies":[{"embeddable":true,"href":"https:\/\/tulibreando.com\/index.php\/wp-json\/wp\/v2\/comments?post=1977"}],"wp:featuredmedia":[{"embeddable":true,"href":"https:\/\/tulibreando.com\/index.php\/wp-json\/wp\/v2\/media\/1953"}],"wp:attachment":[{"href":"https:\/\/tulibreando.com\/index.php\/wp-json\/wp\/v2\/media?parent=1977"}],"wp:term":[{"taxonomy":"product_cat","embeddable":true,"href":"https:\/\/tulibreando.com\/index.php\/wp-json\/wp\/v2\/product_cat?post=1977"},{"taxonomy":"product_tag","embeddable":true,"href":"https:\/\/tulibreando.com\/index.php\/wp-json\/wp\/v2\/product_tag?post=1977"}],"curies":[{"name":"wp","href":"https:\/\/api.w.org\/{rel}","templated":true}]}}