{"id":1976,"date":"2024-04-27T10:32:37","date_gmt":"2024-04-27T14:32:37","guid":{"rendered":"https:\/\/tulibreando.com\/?post_type=product&#038;p=1976"},"modified":"2024-06-06T15:17:20","modified_gmt":"2024-06-06T19:17:20","slug":"alas-de-sangre","status":"publish","type":"product","link":"https:\/\/tulibreando.com\/index.php\/product\/alas-de-sangre\/","title":{"rendered":"Alas de sangre"},"content":{"rendered":"<p>Violet Sorrengail cre\u00eda que se unir\u00eda al Cuadrante de los Escribas para vivir una vida tranquila, sin embargo, por \u00f3rdenes de su madre, debe unirse a los miles de candidatos que, en el Colegio de Guerra de Basgiath, luchan por formar parte de la \u00e9lite de Navarre: el Cuadrante de los Jinetes de dragones.<\/p>\n","protected":false},"excerpt":{"rendered":"<p>Violet Sorrengail cre\u00eda que se unir\u00eda al Cuadrante de los Escribas para vivir una vida tranquila, sin embargo, por \u00f3rdenes de su madre, debe unirse a los miles de candidatos que, en el Colegio de Guerra de Basgiath, luchan por formar parte de la \u00e9lite de Navarre: el Cuadrante de los Jinetes de dragones.<\/p>\n","protected":false},"featured_media":1954,"comment_status":"open","ping_status":"closed","template":"","meta":{"_acf_changed":false,"product_autor":""},"product_cat":[45],"product_tag":[],"class_list":{"0":"post-1976","1":"product","2":"type-product","3":"status-publish","4":"has-post-thumbnail","6":"product_cat-literatura-y-novelas","8":"first","9":"instock","10":"virtual","11":"purchasable","12":"product-type-simple"},"acf":[],"_links":{"self":[{"href":"https:\/\/tulibreando.com\/index.php\/wp-json\/wp\/v2\/product\/1976"}],"collection":[{"href":"https:\/\/tulibreando.com\/index.php\/wp-json\/wp\/v2\/product"}],"about":[{"href":"https:\/\/tulibreando.com\/index.php\/wp-json\/wp\/v2\/types\/product"}],"replies":[{"embeddable":true,"href":"https:\/\/tulibreando.com\/index.php\/wp-json\/wp\/v2\/comments?post=1976"}],"wp:featuredmedia":[{"embeddable":true,"href":"https:\/\/tulibreando.com\/index.php\/wp-json\/wp\/v2\/media\/1954"}],"wp:attachment":[{"href":"https:\/\/tulibreando.com\/index.php\/wp-json\/wp\/v2\/media?parent=1976"}],"wp:term":[{"taxonomy":"product_cat","embeddable":true,"href":"https:\/\/tulibreando.com\/index.php\/wp-json\/wp\/v2\/product_cat?post=1976"},{"taxonomy":"product_tag","embeddable":true,"href":"https:\/\/tulibreando.com\/index.php\/wp-json\/wp\/v2\/product_tag?post=1976"}],"curies":[{"name":"wp","href":"https:\/\/api.w.org\/{rel}","templated":true}]}}