{"id":1975,"date":"2024-04-27T10:32:37","date_gmt":"2024-04-27T14:32:37","guid":{"rendered":"https:\/\/tulibreando.com\/?post_type=product&#038;p=1975"},"modified":"2024-06-10T12:34:42","modified_gmt":"2024-06-10T16:34:42","slug":"el-plan-fenix","status":"publish","type":"product","link":"https:\/\/tulibreando.com\/index.php\/product\/el-plan-fenix\/","title":{"rendered":"El plan fenix"},"content":{"rendered":"<p>Tal y como lo plantea el mito del Ave F\u00e9nix, es posible resurgir de nuestras cenizas sin importar los fracasos anteriores. En una \u00e9poca de pospandemia por covid-19, con un entorno complicado de alta inflaci\u00f3n, tanto individuos como empresas de todo tipo est\u00e1n obligados a reinventarse y salir fortalecidos, si es que quieren sobrevivir. Pero no todos lo logran a menos que sepanc\u00f3mo hacerlo. Brian Tracy, autor bestseller experto en temas de desarrollo personal, nos muestra que, sin importar la problem\u00e1tica que nos aqueje, es posible levantarse de nuevo si incorporamos a nuestra vida diaria las 12 cualidades de la gente exitosa que ense\u00f1a en estas p\u00e1ginas<\/p>\n","protected":false},"excerpt":{"rendered":"<p>Tal y como lo plantea el mito del Ave F\u00e9nix, es posible resurgir de nuestras cenizas sin importar los fracasos anteriores. En una \u00e9poca de pospandemia por covid-19, con un entorno complicado de alta inflaci\u00f3n, tanto individuos como empresas de todo tipo est\u00e1n obligados a reinventarse y salir fortalecidos, si es que quieren sobrevivir. Pero [&hellip;]<\/p>\n","protected":false},"featured_media":1955,"comment_status":"open","ping_status":"closed","template":"","meta":{"_acf_changed":false,"product_autor":""},"product_cat":[39,50,36,37],"product_tag":[],"class_list":{"0":"post-1975","1":"product","2":"type-product","3":"status-publish","4":"has-post-thumbnail","6":"product_cat-crecimiento-personal","7":"product_cat-destacados","8":"product_cat-libros","9":"product_cat-negocios","11":"first","12":"instock","13":"virtual","14":"purchasable","15":"product-type-simple"},"acf":[],"_links":{"self":[{"href":"https:\/\/tulibreando.com\/index.php\/wp-json\/wp\/v2\/product\/1975"}],"collection":[{"href":"https:\/\/tulibreando.com\/index.php\/wp-json\/wp\/v2\/product"}],"about":[{"href":"https:\/\/tulibreando.com\/index.php\/wp-json\/wp\/v2\/types\/product"}],"replies":[{"embeddable":true,"href":"https:\/\/tulibreando.com\/index.php\/wp-json\/wp\/v2\/comments?post=1975"}],"wp:featuredmedia":[{"embeddable":true,"href":"https:\/\/tulibreando.com\/index.php\/wp-json\/wp\/v2\/media\/1955"}],"wp:attachment":[{"href":"https:\/\/tulibreando.com\/index.php\/wp-json\/wp\/v2\/media?parent=1975"}],"wp:term":[{"taxonomy":"product_cat","embeddable":true,"href":"https:\/\/tulibreando.com\/index.php\/wp-json\/wp\/v2\/product_cat?post=1975"},{"taxonomy":"product_tag","embeddable":true,"href":"https:\/\/tulibreando.com\/index.php\/wp-json\/wp\/v2\/product_tag?post=1975"}],"curies":[{"name":"wp","href":"https:\/\/api.w.org\/{rel}","templated":true}]}}