{"id":1972,"date":"2024-04-27T10:32:37","date_gmt":"2024-04-27T14:32:37","guid":{"rendered":"https:\/\/tulibreando.com\/?post_type=product&#038;p=1972"},"modified":"2024-06-12T21:10:51","modified_gmt":"2024-06-13T01:10:51","slug":"lo-que-la-nieve-susurra","status":"publish","type":"product","link":"https:\/\/tulibreando.com\/index.php\/product\/lo-que-la-nieve-susurra\/","title":{"rendered":"Lo que la nieve susurra"},"content":{"rendered":"<p>Para Hunter, la m\u00fasica es m\u00e1s que notas; es su refugio, sus sue\u00f1os y miedos. Pero su inspiraci\u00f3n se ve interrumpida cuando recibe una carta que lo lleva a cuestionar su identidad. Por otro lado, Willow ha perdido su lugar en el mundo y busca respuestas. La nieve cae silenciosa mientras ambos descubren que el destino no siempre tiene la \u00faltima palabra. A veces, basta con escuchar al coraz\u00f3n para encontrarse a uno mismo<\/p>\n","protected":false},"excerpt":{"rendered":"<p>Para Hunter, la m\u00fasica es m\u00e1s que notas; es su refugio, sus sue\u00f1os y miedos. Pero su inspiraci\u00f3n se ve interrumpida cuando recibe una carta que lo lleva a cuestionar su identidad. Por otro lado, Willow ha perdido su lugar en el mundo y busca respuestas. La nieve cae silenciosa mientras ambos descubren que el [&hellip;]<\/p>\n","protected":false},"featured_media":1958,"comment_status":"open","ping_status":"closed","template":"","meta":{"_acf_changed":false,"product_autor":""},"product_cat":[45],"product_tag":[],"class_list":{"0":"post-1972","1":"product","2":"type-product","3":"status-publish","4":"has-post-thumbnail","6":"product_cat-literatura-y-novelas","8":"first","9":"instock","10":"virtual","11":"purchasable","12":"product-type-simple"},"acf":[],"_links":{"self":[{"href":"https:\/\/tulibreando.com\/index.php\/wp-json\/wp\/v2\/product\/1972"}],"collection":[{"href":"https:\/\/tulibreando.com\/index.php\/wp-json\/wp\/v2\/product"}],"about":[{"href":"https:\/\/tulibreando.com\/index.php\/wp-json\/wp\/v2\/types\/product"}],"replies":[{"embeddable":true,"href":"https:\/\/tulibreando.com\/index.php\/wp-json\/wp\/v2\/comments?post=1972"}],"wp:featuredmedia":[{"embeddable":true,"href":"https:\/\/tulibreando.com\/index.php\/wp-json\/wp\/v2\/media\/1958"}],"wp:attachment":[{"href":"https:\/\/tulibreando.com\/index.php\/wp-json\/wp\/v2\/media?parent=1972"}],"wp:term":[{"taxonomy":"product_cat","embeddable":true,"href":"https:\/\/tulibreando.com\/index.php\/wp-json\/wp\/v2\/product_cat?post=1972"},{"taxonomy":"product_tag","embeddable":true,"href":"https:\/\/tulibreando.com\/index.php\/wp-json\/wp\/v2\/product_tag?post=1972"}],"curies":[{"name":"wp","href":"https:\/\/api.w.org\/{rel}","templated":true}]}}