{"id":1969,"date":"2024-04-27T10:32:37","date_gmt":"2024-04-27T14:32:37","guid":{"rendered":"https:\/\/tulibreando.com\/?post_type=product&#038;p=1969"},"modified":"2024-06-06T15:17:19","modified_gmt":"2024-06-06T19:17:19","slug":"la-teoria-de-los-archipielagos","status":"publish","type":"product","link":"https:\/\/tulibreando.com\/index.php\/product\/la-teoria-de-los-archipielagos\/","title":{"rendered":"La teoria de los archipielagos"},"content":{"rendered":"<p>La teor\u00eda de los archipi\u00e9lagos\u0094 es una novela escrita por Alice Kellen. En esta cautivadora historia, la autora explora la idea de que todos somos como islas: llegamos solos al mundo y nos vamos de la misma manera, pero necesitamos tener otras \u0093islas\u0094 alrededor para sentirnos felices en medio del vasto mar que nos une y separa. La protagonista, Violet Sorrengail, ha sobrevivido a su primer a\u00f1o en el Colegio de Guerra Basgiath, un lugar riguroso y desafiante. Ahora enfrenta un verdadero entrenamiento que pone a prueba su fuerza f\u00edsica y mental. La llegada de un nuevo vicecomandante complica a\u00fan m\u00e1s las cosas, y Violet descubre un secreto que podr\u00eda cambiar todo lo que sabe.<\/p>\n","protected":false},"excerpt":{"rendered":"<p>La teor\u00eda de los archipi\u00e9lagos\u0094 es una novela escrita por Alice Kellen. En esta cautivadora historia, la autora explora la idea de que todos somos como islas: llegamos solos al mundo y nos vamos de la misma manera, pero necesitamos tener otras \u0093islas\u0094 alrededor para sentirnos felices en medio del vasto mar que nos une [&hellip;]<\/p>\n","protected":false},"featured_media":1961,"comment_status":"open","ping_status":"closed","template":"","meta":{"_acf_changed":false,"product_autor":""},"product_cat":[45],"product_tag":[],"class_list":{"0":"post-1969","1":"product","2":"type-product","3":"status-publish","4":"has-post-thumbnail","6":"product_cat-literatura-y-novelas","8":"first","9":"instock","10":"virtual","11":"purchasable","12":"product-type-simple"},"acf":[],"_links":{"self":[{"href":"https:\/\/tulibreando.com\/index.php\/wp-json\/wp\/v2\/product\/1969"}],"collection":[{"href":"https:\/\/tulibreando.com\/index.php\/wp-json\/wp\/v2\/product"}],"about":[{"href":"https:\/\/tulibreando.com\/index.php\/wp-json\/wp\/v2\/types\/product"}],"replies":[{"embeddable":true,"href":"https:\/\/tulibreando.com\/index.php\/wp-json\/wp\/v2\/comments?post=1969"}],"wp:featuredmedia":[{"embeddable":true,"href":"https:\/\/tulibreando.com\/index.php\/wp-json\/wp\/v2\/media\/1961"}],"wp:attachment":[{"href":"https:\/\/tulibreando.com\/index.php\/wp-json\/wp\/v2\/media?parent=1969"}],"wp:term":[{"taxonomy":"product_cat","embeddable":true,"href":"https:\/\/tulibreando.com\/index.php\/wp-json\/wp\/v2\/product_cat?post=1969"},{"taxonomy":"product_tag","embeddable":true,"href":"https:\/\/tulibreando.com\/index.php\/wp-json\/wp\/v2\/product_tag?post=1969"}],"curies":[{"name":"wp","href":"https:\/\/api.w.org\/{rel}","templated":true}]}}