{"id":1945,"date":"2024-04-26T18:29:59","date_gmt":"2024-04-26T22:29:59","guid":{"rendered":"https:\/\/tulibreando.com\/?post_type=product&#038;p=1945"},"modified":"2024-06-06T15:17:18","modified_gmt":"2024-06-06T19:17:18","slug":"escucha-la-cancion-del-viento-y-pinball-1973","status":"publish","type":"product","link":"https:\/\/tulibreando.com\/index.php\/product\/escucha-la-cancion-del-viento-y-pinball-1973\/","title":{"rendered":"Escucha la cancion del viento y pinball 1973"},"content":{"rendered":"<p>Escucha la canci\u00f3n del viento (1979), la \u00f3pera prima de Haruki Murakami, sigue a un estudiante de veinti\u00fan a\u00f1os, sin nombre, de vacaciones en su ciudad natal, en agosto de 1970. El joven pasa el tiempo en compa\u00f1\u00eda de su mejor amigo, apodado el \u0093Rata\u0094, una chica con cuatro dedos en la mano izquierda y un barman. A estos personajes se suma la figura de un escritor (inventado): Derek Heartfield, con quien se abre y se cierra la obra<\/p>\n","protected":false},"excerpt":{"rendered":"<p>Escucha la canci\u00f3n del viento (1979), la \u00f3pera prima de Haruki Murakami, sigue a un estudiante de veinti\u00fan a\u00f1os, sin nombre, de vacaciones en su ciudad natal, en agosto de 1970. El joven pasa el tiempo en compa\u00f1\u00eda de su mejor amigo, apodado el \u0093Rata\u0094, una chica con cuatro dedos en la mano izquierda y [&hellip;]<\/p>\n","protected":false},"featured_media":1921,"comment_status":"open","ping_status":"closed","template":"","meta":{"_acf_changed":false,"product_autor":""},"product_cat":[45],"product_tag":[],"class_list":{"0":"post-1945","1":"product","2":"type-product","3":"status-publish","4":"has-post-thumbnail","6":"product_cat-literatura-y-novelas","8":"first","9":"instock","10":"virtual","11":"product-type-simple"},"acf":[],"_links":{"self":[{"href":"https:\/\/tulibreando.com\/index.php\/wp-json\/wp\/v2\/product\/1945"}],"collection":[{"href":"https:\/\/tulibreando.com\/index.php\/wp-json\/wp\/v2\/product"}],"about":[{"href":"https:\/\/tulibreando.com\/index.php\/wp-json\/wp\/v2\/types\/product"}],"replies":[{"embeddable":true,"href":"https:\/\/tulibreando.com\/index.php\/wp-json\/wp\/v2\/comments?post=1945"}],"wp:featuredmedia":[{"embeddable":true,"href":"https:\/\/tulibreando.com\/index.php\/wp-json\/wp\/v2\/media\/1921"}],"wp:attachment":[{"href":"https:\/\/tulibreando.com\/index.php\/wp-json\/wp\/v2\/media?parent=1945"}],"wp:term":[{"taxonomy":"product_cat","embeddable":true,"href":"https:\/\/tulibreando.com\/index.php\/wp-json\/wp\/v2\/product_cat?post=1945"},{"taxonomy":"product_tag","embeddable":true,"href":"https:\/\/tulibreando.com\/index.php\/wp-json\/wp\/v2\/product_tag?post=1945"}],"curies":[{"name":"wp","href":"https:\/\/api.w.org\/{rel}","templated":true}]}}